{"id":1174,"date":"2017-11-21T10:50:37","date_gmt":"2017-11-21T10:50:37","guid":{"rendered":"https:\/\/augmentedtraining.org\/?page_id=1174"},"modified":"2018-04-13T11:51:04","modified_gmt":"2018-04-13T11:51:04","slug":"servicios","status":"publish","type":"page","link":"https:\/\/augmentedtraining.org\/es\/servicios\/","title":{"rendered":"Servicios"},"content":{"rendered":"<p>[vc_row offset_top=\u00bb180&#8243; animation=\u00bb\u00bb css=\u00bb.vc_custom_1511261402429{margin-top: 50px !important;}\u00bb][vc_column width=\u00bb1\/6&#8243; animation=\u00bb\u00bb][\/vc_column][vc_column width=\u00bb2\/3&#8243; animation=\u00bb\u00bb][vc_column_text animation=\u00bb\u00bb]<\/p>\n<p class=\"text-xl\" style=\"text-align: center;\">Nuestras soluciones edtech se adaptan a las necesidades educativas de cada cliente y se agrupan en tres l\u00edneas diferentes de servicios:<\/p>\n<p>[\/vc_column_text][\/vc_column][vc_column width=\u00bb1\/6&#8243; animation=\u00bb\u00bb][\/vc_column][\/vc_row][vc_row offset_top=\u00bb180&#8243; animation=\u00bb\u00bb css=\u00bb.vc_custom_1510745872699{padding-top: 30px !important;}\u00bb][vc_column width=\u00bb1\/3&#8243; animation=\u00bb\u00bb]<div class=\"content-box content-box-image-cover text-center\">\n    <header class=\"content-box-header\">\n        <img loading=\"lazy\" decoding=\"async\" width=\"4823\" height=\"3194\" src=\"https:\/\/augmentedtraining.org\/wp-content\/uploads\/2017\/11\/Formaci\u00f3n.jpg\" class=\"attachment-full size-full\" alt=\"\" srcset=\"https:\/\/augmentedtraining.org\/wp-content\/uploads\/2017\/11\/Formaci\u00f3n.jpg 4823w, https:\/\/augmentedtraining.org\/wp-content\/uploads\/2017\/11\/Formaci\u00f3n-300x199.jpg 300w, https:\/\/augmentedtraining.org\/wp-content\/uploads\/2017\/11\/Formaci\u00f3n-768x509.jpg 768w, https:\/\/augmentedtraining.org\/wp-content\/uploads\/2017\/11\/Formaci\u00f3n-1024x678.jpg 1024w\" sizes=\"auto, (max-width: 4823px) 100vw, 4823px\" \/>\n    <\/header>\n\n    <div class=\"content-box-body\">\n        <h4 class=\"content-box-title\">Formaci\u00f3n<\/h4>\n        <p class=\"content-box-text\">Formaci\u00f3n de soldadores con diferentes programas formativos y cursos adaptados a la metodolog\u00eda Augmented Training.<br \/>\nCapacitaci\u00f3n y certificaci\u00f3n de docentes en la aplicaci\u00f3n de la metodolog\u00eda, incorporando el uso de simulaci\u00f3n con Realidad Aumentada.<\/p>\n    <\/div>\n    \n    \n    <span class=\"content-box-decoration-line background-gradient\"><\/span>\n<\/div>[\/vc_column][vc_column width=\u00bb1\/3&#8243; animation=\u00bb\u00bb]<div class=\"content-box content-box-image-cover text-center\">\n    <header class=\"content-box-header\">\n        <img loading=\"lazy\" decoding=\"async\" width=\"1200\" height=\"795\" src=\"https:\/\/augmentedtraining.org\/wp-content\/uploads\/2017\/11\/Servicios-web.jpg\" class=\"attachment-full size-full\" alt=\"\" srcset=\"https:\/\/augmentedtraining.org\/wp-content\/uploads\/2017\/11\/Servicios-web.jpg 1200w, https:\/\/augmentedtraining.org\/wp-content\/uploads\/2017\/11\/Servicios-web-300x199.jpg 300w, https:\/\/augmentedtraining.org\/wp-content\/uploads\/2017\/11\/Servicios-web-768x509.jpg 768w, https:\/\/augmentedtraining.org\/wp-content\/uploads\/2017\/11\/Servicios-web-1024x678.jpg 1024w\" sizes=\"auto, (max-width: 1200px) 100vw, 1200px\" \/>\n    <\/header>\n\n    <div class=\"content-box-body\">\n        <h4 class=\"content-box-title\">Consultor\u00eda<\/h4>\n        <p class=\"content-box-text\">Estudio de las necesidades formativas de la empresa\/instituci\u00f3n y dise\u00f1o de un plan de formaci\u00f3n a medida.<br \/>\nPropuesta de creaci\u00f3n de centro de innovaci\u00f3n y formaci\u00f3n Augmented Lab o adaptaci\u00f3n de instalaciones propias al modelo.<\/p>\n    <\/div>\n    \n    \n    <span class=\"content-box-decoration-line background-gradient\"><\/span>\n<\/div>[\/vc_column][vc_column width=\u00bb1\/3&#8243; animation=\u00bb\u00bb]<div class=\"content-box content-box-image-cover text-center\">\n    <header class=\"content-box-header\">\n        <img loading=\"lazy\" decoding=\"async\" width=\"1024\" height=\"678\" src=\"https:\/\/augmentedtraining.org\/wp-content\/uploads\/2017\/11\/Desarrollo.jpg\" class=\"attachment-full size-full\" alt=\"\" srcset=\"https:\/\/augmentedtraining.org\/wp-content\/uploads\/2017\/11\/Desarrollo.jpg 1024w, https:\/\/augmentedtraining.org\/wp-content\/uploads\/2017\/11\/Desarrollo-300x199.jpg 300w, https:\/\/augmentedtraining.org\/wp-content\/uploads\/2017\/11\/Desarrollo-768x509.jpg 768w\" sizes=\"auto, (max-width: 1024px) 100vw, 1024px\" \/>\n    <\/header>\n\n    <div class=\"content-box-body\">\n        <h4 class=\"content-box-title\">Desarrollo<\/h4>\n        <p class=\"content-box-text\">Dise\u00f1o y desarrollo de simulaci\u00f3n de soldadura en Realidad Aumentada para piezas a medida, siguiendo las especificaciones de los procesos de soldeo de cada empresa.<br \/>\nVerticalizaci\u00f3n a otros sectores de actividad: automovil\u00edstico, ferroviario, naval&#8230;<\/p>\n    <\/div>\n    \n    \n    <span class=\"content-box-decoration-line background-gradient\"><\/span>\n<\/div>[\/vc_column][\/vc_row][vc_row offset_top=\u00bb180&#8243; animation=\u00bb\u00bb css=\u00bb.vc_custom_1510745872699{padding-top: 30px !important;}\u00bb][vc_column width=\u00bb1\/3&#8243; animation=\u00bb\u00bb]<div class=\"content-box content-box-image-cover text-center\">\n    <header class=\"content-box-header\">\n        <img loading=\"lazy\" decoding=\"async\" width=\"1024\" height=\"678\" src=\"https:\/\/augmentedtraining.org\/wp-content\/uploads\/2017\/11\/Didactizacion.jpg\" class=\"attachment-full size-full\" alt=\"\" srcset=\"https:\/\/augmentedtraining.org\/wp-content\/uploads\/2017\/11\/Didactizacion.jpg 1024w, https:\/\/augmentedtraining.org\/wp-content\/uploads\/2017\/11\/Didactizacion-300x199.jpg 300w, https:\/\/augmentedtraining.org\/wp-content\/uploads\/2017\/11\/Didactizacion-768x509.jpg 768w\" sizes=\"auto, (max-width: 1024px) 100vw, 1024px\" \/>\n    <\/header>\n\n    <div class=\"content-box-body\">\n        <h4 class=\"content-box-title\">E-Didactizaci\u00f3n<\/h4>\n        <p class=\"content-box-text\">Transformaci\u00f3n de distintos contenidos: manuales, procedimientos t\u00e9cnicos, programas formativos, WPS&#8230;<br \/>\nAdaptaci\u00f3n a la metodolog\u00eda Augmented Training para su uso en las herramientas tecnol\u00f3gico-educativas que incluye la soluci\u00f3n educativa.<\/p>\n    <\/div>\n    \n    \n    <span class=\"content-box-decoration-line background-gradient\"><\/span>\n<\/div>[\/vc_column][vc_column width=\u00bb1\/3&#8243; animation=\u00bb\u00bb]<div class=\"content-box content-box-image-cover text-center\">\n    <header class=\"content-box-header\">\n        <img loading=\"lazy\" decoding=\"async\" width=\"1024\" height=\"678\" src=\"https:\/\/augmentedtraining.org\/wp-content\/uploads\/2017\/11\/Contenidos-1.jpg\" class=\"attachment-full size-full\" alt=\"\" srcset=\"https:\/\/augmentedtraining.org\/wp-content\/uploads\/2017\/11\/Contenidos-1.jpg 1024w, https:\/\/augmentedtraining.org\/wp-content\/uploads\/2017\/11\/Contenidos-1-300x199.jpg 300w, https:\/\/augmentedtraining.org\/wp-content\/uploads\/2017\/11\/Contenidos-1-768x509.jpg 768w\" sizes=\"auto, (max-width: 1024px) 100vw, 1024px\" \/>\n    <\/header>\n\n    <div class=\"content-box-body\">\n        <h4 class=\"content-box-title\">Contenidos<\/h4>\n        <p class=\"content-box-text\">Cat\u00e1logo de contenidos espec\u00edficos para la formaci\u00f3n o reciclaje de soldadores: programas formativos y cursos de especializaci\u00f3n de distintos publicadores oficiales internacionalmente reconocidos y en diferentes idiomas.<\/p>\n    <\/div>\n    \n    \n    <span class=\"content-box-decoration-line background-gradient\"><\/span>\n<\/div>[\/vc_column][vc_column width=\u00bb1\/3&#8243; animation=\u00bb\u00bb]<div class=\"content-box content-box-image-cover text-center\">\n    <header class=\"content-box-header\">\n        <img loading=\"lazy\" decoding=\"async\" width=\"1024\" height=\"678\" src=\"https:\/\/augmentedtraining.org\/wp-content\/uploads\/2017\/11\/Inspeccion.jpg\" class=\"attachment-full size-full\" alt=\"\" srcset=\"https:\/\/augmentedtraining.org\/wp-content\/uploads\/2017\/11\/Inspeccion.jpg 1024w, https:\/\/augmentedtraining.org\/wp-content\/uploads\/2017\/11\/Inspeccion-300x199.jpg 300w, https:\/\/augmentedtraining.org\/wp-content\/uploads\/2017\/11\/Inspeccion-768x509.jpg 768w\" sizes=\"auto, (max-width: 1024px) 100vw, 1024px\" \/>\n    <\/header>\n\n    <div class=\"content-box-body\">\n        <h4 class=\"content-box-title\">Otros<\/h4>\n        <p class=\"content-box-text\">Certificaci\u00f3n ISO y UNE de empresas y personas; certificaci\u00f3n de procedimientos de soldeo (UNE-EN ISO, ASME, API); contenidos con reconocimiento internacional (EWF y IIW); coordinaci\u00f3n de soldadura; inspecci\u00f3n de construcciones soldadas; implantaci\u00f3n de sistemas de calidad para construcciones soldadas y estudios de fallos.<\/p>\n    <\/div>\n    \n    \n    <span class=\"content-box-decoration-line background-gradient\"><\/span>\n<\/div>[\/vc_column][\/vc_row][vc_row offset_top=\u00bb180&#8243; animation=\u00bb\u00bb css=\u00bb.vc_custom_1519668785926{margin-top: 50px !important;margin-bottom: 50px !important;}\u00bb][vc_column animation=\u00bb\u00bb]<div class=\"si-cta text-center\"\n     style=\"background-image: url(https:\/\/augmentedtraining.org\/wp-content\/uploads\/2017\/11\/Imagen-CTA-Web-AT.jpg); padding: 24px 24px 24px 24px;\"\n>\n\n\t<span class=\"overlay\" style=\"background-color: #000000; opacity: 0.3;\"><\/span>\n\t<div class=\"si-cta-inner\" >\n\n\t\t<p class=\"text-xl\"><span style=\"color: #ffffff;\">\u00bfQuieres saber m\u00e1s acerca de nuestros servicios?<\/span><br \/>\n<span style=\"color: #ffffff;\">D\u00e9janos tus datos y te contactaremos lo antes posible.<\/span><\/p>\n\n\t\t<a href=\"https:\/\/augmentedtraining.org\/contact\/\" class=\"btn btn-solid btn-pill btn-default btn-nl\">Contacto<\/a>\t<\/div>\n<\/div>\n[\/vc_column][\/vc_row]<\/p>\n","protected":false},"excerpt":{"rendered":"[vc_row offset_top=\u00bb180&#8243; animation=\u00bb\u00bb css=\u00bb.vc_custom_1511261402429{margin-top: 50px !important;}\u00bb][vc_column width=\u00bb1\/6&#8243; animation=\u00bb\u00bb][\/vc_column][vc_column width=\u00bb2\/3&#8243; animation=\u00bb\u00bb][vc_column_text animation=\u00bb\u00bb] Nuestras soluciones edtech se adaptan a las necesidades educativas de cada cliente y se agrupan en tres l\u00edneas diferentes de servicios: [\/vc_column_text][\/vc_column][vc_column width=\u00bb1\/6&#8243; animation=\u00bb\u00bb][\/vc_column][\/vc_row][vc_row offset_top=\u00bb180&#8243; animation=\u00bb\u00bb css=\u00bb.vc_custom_1510745872699{padding-top: 30px !important;}\u00bb][vc_column width=\u00bb1\/3&#8243; animation=\u00bb\u00bb][\/vc_column][vc_column width=\u00bb1\/3&#8243; animation=\u00bb\u00bb][\/vc_column][vc_column width=\u00bb1\/3&#8243; animation=\u00bb\u00bb][\/vc_column][\/vc_row][vc_row offset_top=\u00bb180&#8243; animation=\u00bb\u00bb css=\u00bb.vc_custom_1510745872699{padding-top: 30px !important;}\u00bb][vc_column width=\u00bb1\/3&#8243; animation=\u00bb\u00bb][\/vc_column][vc_column width=\u00bb1\/3&#8243; animation=\u00bb\u00bb][\/vc_column][vc_column&#8230;\n","protected":false},"author":1,"featured_media":0,"parent":0,"menu_order":0,"comment_status":"closed","ping_status":"closed","template":"","meta":{"footnotes":""},"class_list":["post-1174","page","type-page","status-publish","hentry"],"yoast_head":"<!-- This site is optimized with the Yoast SEO plugin v27.5 - https:\/\/yoast.com\/product\/yoast-seo-wordpress\/ -->\n<title>Servicios - Augmented Training<\/title>\n<meta name=\"description\" content=\"Nuestras soluciones edtech se adaptan a las necesidades educativas de cada cliente y se agrupan en tres l\u00edneas diferentes de servicios.\" \/>\n<meta name=\"robots\" content=\"index, follow, max-snippet:-1, max-image-preview:large, max-video-preview:-1\" \/>\n<link rel=\"canonical\" href=\"https:\/\/augmentedtraining.org\/es\/servicios\/\" \/>\n<meta property=\"og:locale\" content=\"es_ES\" \/>\n<meta property=\"og:type\" content=\"article\" \/>\n<meta property=\"og:title\" content=\"Servicios - Augmented Training\" \/>\n<meta property=\"og:description\" content=\"Nuestras soluciones edtech se adaptan a las necesidades educativas de cada cliente y se agrupan en tres l\u00edneas diferentes de servicios.\" \/>\n<meta property=\"og:url\" content=\"https:\/\/augmentedtraining.org\/es\/servicios\/\" \/>\n<meta property=\"og:site_name\" content=\"Augmented Training\" \/>\n<meta property=\"article:modified_time\" content=\"2018-04-13T11:51:04+00:00\" \/>\n<meta name=\"twitter:card\" content=\"summary_large_image\" \/>\n<meta name=\"twitter:label1\" content=\"Tiempo de lectura\" \/>\n\t<meta name=\"twitter:data1\" content=\"3 minutos\" \/>\n<script type=\"application\/ld+json\" class=\"yoast-schema-graph\">{\"@context\":\"https:\\\/\\\/schema.org\",\"@graph\":[{\"@type\":\"WebPage\",\"@id\":\"https:\\\/\\\/augmentedtraining.org\\\/es\\\/servicios\\\/\",\"url\":\"https:\\\/\\\/augmentedtraining.org\\\/es\\\/servicios\\\/\",\"name\":\"Servicios - Augmented Training\",\"isPartOf\":{\"@id\":\"https:\\\/\\\/augmentedtraining.org\\\/#website\"},\"datePublished\":\"2017-11-21T10:50:37+00:00\",\"dateModified\":\"2018-04-13T11:51:04+00:00\",\"description\":\"Nuestras soluciones edtech se adaptan a las necesidades educativas de cada cliente y se agrupan en tres l\u00edneas diferentes de servicios.\",\"breadcrumb\":{\"@id\":\"https:\\\/\\\/augmentedtraining.org\\\/es\\\/servicios\\\/#breadcrumb\"},\"inLanguage\":\"es\",\"potentialAction\":[{\"@type\":\"ReadAction\",\"target\":[\"https:\\\/\\\/augmentedtraining.org\\\/es\\\/servicios\\\/\"]}]},{\"@type\":\"BreadcrumbList\",\"@id\":\"https:\\\/\\\/augmentedtraining.org\\\/es\\\/servicios\\\/#breadcrumb\",\"itemListElement\":[{\"@type\":\"ListItem\",\"position\":1,\"name\":\"Portada\",\"item\":\"https:\\\/\\\/augmentedtraining.org\\\/\"},{\"@type\":\"ListItem\",\"position\":2,\"name\":\"Servicios\"}]},{\"@type\":\"WebSite\",\"@id\":\"https:\\\/\\\/augmentedtraining.org\\\/#website\",\"url\":\"https:\\\/\\\/augmentedtraining.org\\\/\",\"name\":\"Augmented Training\",\"description\":\"Transformando la educaci\u00f3n y la formaci\u00f3n con Realidad Aumentada\",\"publisher\":{\"@id\":\"https:\\\/\\\/augmentedtraining.org\\\/#organization\"},\"potentialAction\":[{\"@type\":\"SearchAction\",\"target\":{\"@type\":\"EntryPoint\",\"urlTemplate\":\"https:\\\/\\\/augmentedtraining.org\\\/?s={search_term_string}\"},\"query-input\":{\"@type\":\"PropertyValueSpecification\",\"valueRequired\":true,\"valueName\":\"search_term_string\"}}],\"inLanguage\":\"es\"},{\"@type\":\"Organization\",\"@id\":\"https:\\\/\\\/augmentedtraining.org\\\/#organization\",\"name\":\"Augmented Training\",\"url\":\"https:\\\/\\\/augmentedtraining.org\\\/\",\"logo\":{\"@type\":\"ImageObject\",\"inLanguage\":\"es\",\"@id\":\"https:\\\/\\\/augmentedtraining.org\\\/#\\\/schema\\\/logo\\\/image\\\/\",\"url\":\"https:\\\/\\\/augmentedtraining.org\\\/wp-content\\\/uploads\\\/2024\\\/02\\\/cropped-MicrosoftTeams-image-21.jpg\",\"contentUrl\":\"https:\\\/\\\/augmentedtraining.org\\\/wp-content\\\/uploads\\\/2024\\\/02\\\/cropped-MicrosoftTeams-image-21.jpg\",\"width\":433,\"height\":144,\"caption\":\"Augmented Training\"},\"image\":{\"@id\":\"https:\\\/\\\/augmentedtraining.org\\\/#\\\/schema\\\/logo\\\/image\\\/\"}}]}<\/script>\n<!-- \/ Yoast SEO plugin. -->","yoast_head_json":{"title":"Servicios - Augmented Training","description":"Nuestras soluciones edtech se adaptan a las necesidades educativas de cada cliente y se agrupan en tres l\u00edneas diferentes de servicios.","robots":{"index":"index","follow":"follow","max-snippet":"max-snippet:-1","max-image-preview":"max-image-preview:large","max-video-preview":"max-video-preview:-1"},"canonical":"https:\/\/augmentedtraining.org\/es\/servicios\/","og_locale":"es_ES","og_type":"article","og_title":"Servicios - Augmented Training","og_description":"Nuestras soluciones edtech se adaptan a las necesidades educativas de cada cliente y se agrupan en tres l\u00edneas diferentes de servicios.","og_url":"https:\/\/augmentedtraining.org\/es\/servicios\/","og_site_name":"Augmented Training","article_modified_time":"2018-04-13T11:51:04+00:00","twitter_card":"summary_large_image","twitter_misc":{"Tiempo de lectura":"3 minutos"},"schema":{"@context":"https:\/\/schema.org","@graph":[{"@type":"WebPage","@id":"https:\/\/augmentedtraining.org\/es\/servicios\/","url":"https:\/\/augmentedtraining.org\/es\/servicios\/","name":"Servicios - Augmented Training","isPartOf":{"@id":"https:\/\/augmentedtraining.org\/#website"},"datePublished":"2017-11-21T10:50:37+00:00","dateModified":"2018-04-13T11:51:04+00:00","description":"Nuestras soluciones edtech se adaptan a las necesidades educativas de cada cliente y se agrupan en tres l\u00edneas diferentes de servicios.","breadcrumb":{"@id":"https:\/\/augmentedtraining.org\/es\/servicios\/#breadcrumb"},"inLanguage":"es","potentialAction":[{"@type":"ReadAction","target":["https:\/\/augmentedtraining.org\/es\/servicios\/"]}]},{"@type":"BreadcrumbList","@id":"https:\/\/augmentedtraining.org\/es\/servicios\/#breadcrumb","itemListElement":[{"@type":"ListItem","position":1,"name":"Portada","item":"https:\/\/augmentedtraining.org\/"},{"@type":"ListItem","position":2,"name":"Servicios"}]},{"@type":"WebSite","@id":"https:\/\/augmentedtraining.org\/#website","url":"https:\/\/augmentedtraining.org\/","name":"Augmented Training","description":"Transformando la educaci\u00f3n y la formaci\u00f3n con Realidad Aumentada","publisher":{"@id":"https:\/\/augmentedtraining.org\/#organization"},"potentialAction":[{"@type":"SearchAction","target":{"@type":"EntryPoint","urlTemplate":"https:\/\/augmentedtraining.org\/?s={search_term_string}"},"query-input":{"@type":"PropertyValueSpecification","valueRequired":true,"valueName":"search_term_string"}}],"inLanguage":"es"},{"@type":"Organization","@id":"https:\/\/augmentedtraining.org\/#organization","name":"Augmented Training","url":"https:\/\/augmentedtraining.org\/","logo":{"@type":"ImageObject","inLanguage":"es","@id":"https:\/\/augmentedtraining.org\/#\/schema\/logo\/image\/","url":"https:\/\/augmentedtraining.org\/wp-content\/uploads\/2024\/02\/cropped-MicrosoftTeams-image-21.jpg","contentUrl":"https:\/\/augmentedtraining.org\/wp-content\/uploads\/2024\/02\/cropped-MicrosoftTeams-image-21.jpg","width":433,"height":144,"caption":"Augmented Training"},"image":{"@id":"https:\/\/augmentedtraining.org\/#\/schema\/logo\/image\/"}}]}},"_links":{"self":[{"href":"https:\/\/augmentedtraining.org\/es\/wp-json\/wp\/v2\/pages\/1174","targetHints":{"allow":["GET"]}}],"collection":[{"href":"https:\/\/augmentedtraining.org\/es\/wp-json\/wp\/v2\/pages"}],"about":[{"href":"https:\/\/augmentedtraining.org\/es\/wp-json\/wp\/v2\/types\/page"}],"author":[{"embeddable":true,"href":"https:\/\/augmentedtraining.org\/es\/wp-json\/wp\/v2\/users\/1"}],"replies":[{"embeddable":true,"href":"https:\/\/augmentedtraining.org\/es\/wp-json\/wp\/v2\/comments?post=1174"}],"version-history":[{"count":42,"href":"https:\/\/augmentedtraining.org\/es\/wp-json\/wp\/v2\/pages\/1174\/revisions"}],"predecessor-version":[{"id":1472,"href":"https:\/\/augmentedtraining.org\/es\/wp-json\/wp\/v2\/pages\/1174\/revisions\/1472"}],"wp:attachment":[{"href":"https:\/\/augmentedtraining.org\/es\/wp-json\/wp\/v2\/media?parent=1174"}],"curies":[{"name":"wp","href":"https:\/\/api.w.org\/{rel}","templated":true}]}}