{"id":1228,"date":"2017-11-21T11:05:44","date_gmt":"2017-11-21T11:05:44","guid":{"rendered":"https:\/\/augmentedtraining.org\/?page_id=1228"},"modified":"2019-10-31T07:29:06","modified_gmt":"2019-10-31T07:29:06","slug":"labs","status":"publish","type":"page","link":"https:\/\/augmentedtraining.org\/es\/labs\/","title":{"rendered":"Labs"},"content":{"rendered":"<p>[vc_row offset_top=\u00bb180&#8243; animation=\u00bb\u00bb css=\u00bb.vc_custom_1519922886612{margin-top: 50px !important;margin-bottom: 30px !important;}\u00bb][vc_column width=\u00bb1\/2&#8243; animation=\u00bb\u00bb][vc_column_text animation=\u00bb\u00bb]<\/p>\n<p class=\"text-xl\">Los <span class=\"text-primary\"><strong>Augmented Labs<\/strong><\/span> son centros de formaci\u00f3n e innovaci\u00f3n en soldadura que incorporan la simulaci\u00f3n con Realidad Aumentada, cuyo objetivo es la capacitaci\u00f3n y certificaci\u00f3n de profesionales del futuro, para que puedan incorporarse a un mercado de trabajo con gran demanda nacional e internacional.<\/p>\n<p class=\"text-xl\">Apuestan por un <span class=\"text-primary\"><strong>modelo de aprendizaje innovador<\/strong><\/span> denominado Augmented Training, que combina de forma eficiente un software de gesti\u00f3n para docentes, el uso de Realidad Aumentada interactiva y la pr\u00e1ctica real, para la adquisici\u00f3n y el perfeccionamiento de destrezas manuales.<\/p>\n<p class=\"text-xl\">El primer Augmented Lab se abri\u00f3 en Huelva, pero existen diferentes\u00a0<span class=\"text-primary\"><strong>AR Welding Labs repartidos por el mundo<\/strong><\/span>.<\/p>\n<p>[\/vc_column_text][\/vc_column][vc_column width=\u00bb1\/2&#8243; animation=\u00bb\u00bb][vc_column_text animation=\u00bb\u00bb]<iframe loading=\"lazy\" src=\"https:\/\/www.youtube.com\/embed\/tBKrUESNE5o?rel=0&amp;showinfo=0\" width=\"560\" height=\"315\" frameborder=\"0\" allowfullscreen=\"allowfullscreen\"><\/iframe>[\/vc_column_text][\/vc_column][\/vc_row][vc_row offset_top=\u00bb180&#8243; animation=\u00bb\u00bb css=\u00bb.vc_custom_1519923765747{margin-bottom: 30px !important;}\u00bb][vc_column animation=\u00bb\u00bb][vc_column_text animation=\u00bb\u00bb]<\/p>\n<p class=\"text-xl\" style=\"text-align: center;\">Para m\u00e1s informaci\u00f3n visita <a href=\"http:\/\/augmentedlabhuelva.com\" target=\"_blank\" rel=\"noopener\">augmentedlabhuelva.org<\/a><\/p>\n<p><a href=\"http:\/\/augmentedlabhuelva.com\" target=\"_blank\" rel=\"noopener\"><img loading=\"lazy\" decoding=\"async\" class=\"aligncenter wp-image-1322 size-medium\" src=\"https:\/\/augmentedtraining.org\/wp-content\/uploads\/2017\/11\/logo_augmentedlab_neg-1024x152-300x45.png\" alt=\"\" width=\"300\" height=\"45\" srcset=\"https:\/\/augmentedtraining.org\/wp-content\/uploads\/2017\/11\/logo_augmentedlab_neg-1024x152-300x45.png 300w, https:\/\/augmentedtraining.org\/wp-content\/uploads\/2017\/11\/logo_augmentedlab_neg-1024x152-768x114.png 768w, https:\/\/augmentedtraining.org\/wp-content\/uploads\/2017\/11\/logo_augmentedlab_neg-1024x152.png 1024w\" sizes=\"auto, (max-width: 300px) 100vw, 300px\" \/><\/a>[\/vc_column_text]\n<div class=\"masonry-grid isotope-grid gallery-grid grid-with-gap col-3\" data-si-gallery=\"true\">\n\t<div class=\"gutter-sizer\"><\/div>\n\t<div class=\"grid-sizer\"><\/div>\n\t<div class=\"grid-item\">\n\t<a href=\"https:\/\/augmentedtraining.org\/wp-content\/uploads\/2018\/03\/IGP2408.jpg\" class=\"si-gallery-item\" data-size=\"900x596\">\n\t\t<img loading=\"lazy\" decoding=\"async\" width=\"900\" height=\"596\" src=\"https:\/\/augmentedtraining.org\/wp-content\/uploads\/2018\/03\/IGP2408.jpg\" class=\"attachment-large size-large\" alt=\"\" srcset=\"https:\/\/augmentedtraining.org\/wp-content\/uploads\/2018\/03\/IGP2408.jpg 900w, https:\/\/augmentedtraining.org\/wp-content\/uploads\/2018\/03\/IGP2408-300x199.jpg 300w, https:\/\/augmentedtraining.org\/wp-content\/uploads\/2018\/03\/IGP2408-768x509.jpg 768w\" sizes=\"auto, (max-width: 900px) 100vw, 900px\" \/>\n\t\t\n\t<\/a>\n<\/div><div class=\"grid-item\">\n\t<a href=\"https:\/\/augmentedtraining.org\/wp-content\/uploads\/2018\/03\/IGP2547.jpg\" class=\"si-gallery-item\" data-size=\"900x596\">\n\t\t<img loading=\"lazy\" decoding=\"async\" width=\"900\" height=\"596\" src=\"https:\/\/augmentedtraining.org\/wp-content\/uploads\/2018\/03\/IGP2547.jpg\" class=\"attachment-large size-large\" alt=\"\" srcset=\"https:\/\/augmentedtraining.org\/wp-content\/uploads\/2018\/03\/IGP2547.jpg 900w, https:\/\/augmentedtraining.org\/wp-content\/uploads\/2018\/03\/IGP2547-300x199.jpg 300w, https:\/\/augmentedtraining.org\/wp-content\/uploads\/2018\/03\/IGP2547-768x509.jpg 768w\" sizes=\"auto, (max-width: 900px) 100vw, 900px\" \/>\n\t\t\n\t<\/a>\n<\/div><div class=\"grid-item\">\n\t<a href=\"https:\/\/augmentedtraining.org\/wp-content\/uploads\/2018\/03\/IGP2541.jpg\" class=\"si-gallery-item\" data-size=\"900x596\">\n\t\t<img loading=\"lazy\" decoding=\"async\" width=\"900\" height=\"596\" src=\"https:\/\/augmentedtraining.org\/wp-content\/uploads\/2018\/03\/IGP2541.jpg\" class=\"attachment-large size-large\" alt=\"\" srcset=\"https:\/\/augmentedtraining.org\/wp-content\/uploads\/2018\/03\/IGP2541.jpg 900w, https:\/\/augmentedtraining.org\/wp-content\/uploads\/2018\/03\/IGP2541-300x199.jpg 300w, https:\/\/augmentedtraining.org\/wp-content\/uploads\/2018\/03\/IGP2541-768x509.jpg 768w\" sizes=\"auto, (max-width: 900px) 100vw, 900px\" \/>\n\t\t\n\t<\/a>\n<\/div><div class=\"grid-item\">\n\t<a href=\"https:\/\/augmentedtraining.org\/wp-content\/uploads\/2018\/03\/IGP2546.jpg\" class=\"si-gallery-item\" data-size=\"900x596\">\n\t\t<img loading=\"lazy\" decoding=\"async\" width=\"900\" height=\"596\" src=\"https:\/\/augmentedtraining.org\/wp-content\/uploads\/2018\/03\/IGP2546.jpg\" class=\"attachment-large size-large\" alt=\"\" srcset=\"https:\/\/augmentedtraining.org\/wp-content\/uploads\/2018\/03\/IGP2546.jpg 900w, https:\/\/augmentedtraining.org\/wp-content\/uploads\/2018\/03\/IGP2546-300x199.jpg 300w, https:\/\/augmentedtraining.org\/wp-content\/uploads\/2018\/03\/IGP2546-768x509.jpg 768w\" sizes=\"auto, (max-width: 900px) 100vw, 900px\" \/>\n\t\t\n\t<\/a>\n<\/div><div class=\"grid-item\">\n\t<a href=\"https:\/\/augmentedtraining.org\/wp-content\/uploads\/2018\/04\/Foto-Taller-Web-AT.jpg\" class=\"si-gallery-item\" data-size=\"900x596\">\n\t\t<img loading=\"lazy\" decoding=\"async\" width=\"900\" height=\"596\" src=\"https:\/\/augmentedtraining.org\/wp-content\/uploads\/2018\/04\/Foto-Taller-Web-AT.jpg\" class=\"attachment-large size-large\" alt=\"\" srcset=\"https:\/\/augmentedtraining.org\/wp-content\/uploads\/2018\/04\/Foto-Taller-Web-AT.jpg 900w, https:\/\/augmentedtraining.org\/wp-content\/uploads\/2018\/04\/Foto-Taller-Web-AT-300x199.jpg 300w, https:\/\/augmentedtraining.org\/wp-content\/uploads\/2018\/04\/Foto-Taller-Web-AT-768x509.jpg 768w\" sizes=\"auto, (max-width: 900px) 100vw, 900px\" \/>\n\t\t\n\t<\/a>\n<\/div><div class=\"grid-item\">\n\t<a href=\"https:\/\/augmentedtraining.org\/wp-content\/uploads\/2018\/04\/Foto-taller-Web-AT2.jpg\" class=\"si-gallery-item\" data-size=\"900x596\">\n\t\t<img loading=\"lazy\" decoding=\"async\" width=\"900\" height=\"596\" src=\"https:\/\/augmentedtraining.org\/wp-content\/uploads\/2018\/04\/Foto-taller-Web-AT2.jpg\" class=\"attachment-large size-large\" alt=\"\" srcset=\"https:\/\/augmentedtraining.org\/wp-content\/uploads\/2018\/04\/Foto-taller-Web-AT2.jpg 900w, https:\/\/augmentedtraining.org\/wp-content\/uploads\/2018\/04\/Foto-taller-Web-AT2-300x199.jpg 300w, https:\/\/augmentedtraining.org\/wp-content\/uploads\/2018\/04\/Foto-taller-Web-AT2-768x509.jpg 768w\" sizes=\"auto, (max-width: 900px) 100vw, 900px\" \/>\n\t\t\n\t<\/a>\n<\/div>\n<\/div>[vc_empty_space height=\u00bb40px\u00bb][vc_column_text animation=\u00bb\u00bb]<\/p>\n<p class=\"text-xl\" style=\"text-align: center;\"><span class=\"text-primary\">Otros AR Welding Labs en el mundo<\/span><\/p>\n<p>[\/vc_column_text][\/vc_column][\/vc_row][vc_row offset_top=\u00bb180&#8243; animation=\u00bb\u00bb css=\u00bb.vc_custom_1519923273627{margin-bottom: 30px !important;}\u00bb][vc_column width=\u00bb1\/3&#8243; animation=\u00bb\u00bb]<div class=\"content-box content-box-image-cover text-center\">\n    <header class=\"content-box-header\">\n        <img loading=\"lazy\" decoding=\"async\" width=\"900\" height=\"600\" src=\"https:\/\/augmentedtraining.org\/wp-content\/uploads\/2017\/11\/Augmented-Lab-Oberhausen-Germany-Sept.jpg\" class=\"attachment-full size-full\" alt=\"\" srcset=\"https:\/\/augmentedtraining.org\/wp-content\/uploads\/2017\/11\/Augmented-Lab-Oberhausen-Germany-Sept.jpg 900w, https:\/\/augmentedtraining.org\/wp-content\/uploads\/2017\/11\/Augmented-Lab-Oberhausen-Germany-Sept-300x200.jpg 300w, https:\/\/augmentedtraining.org\/wp-content\/uploads\/2017\/11\/Augmented-Lab-Oberhausen-Germany-Sept-768x512.jpg 768w\" sizes=\"auto, (max-width: 900px) 100vw, 900px\" \/>\n    <\/header>\n\n    <div class=\"content-box-body\">\n        <h4 class=\"content-box-title\">AR Welding Lab Oberhausen (Alemania)<\/h4>\n        \n    <\/div>\n    \n    \n    <span class=\"content-box-decoration-line background-gradient\"><\/span>\n<\/div>[\/vc_column][vc_column width=\u00bb1\/3&#8243; animation=\u00bb\u00bb]<div class=\"content-box content-box-image-cover text-center\">\n    <header class=\"content-box-header\">\n        <img loading=\"lazy\" decoding=\"async\" width=\"900\" height=\"600\" src=\"https:\/\/augmentedtraining.org\/wp-content\/uploads\/2017\/11\/Augmented-Lab-Gewerbliche-Schule-G\u00f6ppingen.jpg\" class=\"attachment-full size-full\" alt=\"\" srcset=\"https:\/\/augmentedtraining.org\/wp-content\/uploads\/2017\/11\/Augmented-Lab-Gewerbliche-Schule-G\u00f6ppingen.jpg 900w, https:\/\/augmentedtraining.org\/wp-content\/uploads\/2017\/11\/Augmented-Lab-Gewerbliche-Schule-G\u00f6ppingen-300x200.jpg 300w, https:\/\/augmentedtraining.org\/wp-content\/uploads\/2017\/11\/Augmented-Lab-Gewerbliche-Schule-G\u00f6ppingen-768x512.jpg 768w\" sizes=\"auto, (max-width: 900px) 100vw, 900px\" \/>\n    <\/header>\n\n    <div class=\"content-box-body\">\n        <h4 class=\"content-box-title\">AR Welding Lab G\u00f6ppingen (Alemania)<\/h4>\n        \n    <\/div>\n    \n    \n    <span class=\"content-box-decoration-line background-gradient\"><\/span>\n<\/div>[\/vc_column][vc_column width=\u00bb1\/3&#8243; animation=\u00bb\u00bb]<div class=\"content-box content-box-image-cover text-center\">\n    <header class=\"content-box-header\">\n        <img loading=\"lazy\" decoding=\"async\" width=\"900\" height=\"600\" src=\"https:\/\/augmentedtraining.org\/wp-content\/uploads\/2017\/11\/AugmentedLabUk.jpg\" class=\"attachment-full size-full\" alt=\"\" srcset=\"https:\/\/augmentedtraining.org\/wp-content\/uploads\/2017\/11\/AugmentedLabUk.jpg 900w, https:\/\/augmentedtraining.org\/wp-content\/uploads\/2017\/11\/AugmentedLabUk-300x200.jpg 300w, https:\/\/augmentedtraining.org\/wp-content\/uploads\/2017\/11\/AugmentedLabUk-768x512.jpg 768w\" sizes=\"auto, (max-width: 900px) 100vw, 900px\" \/>\n    <\/header>\n\n    <div class=\"content-box-body\">\n        <h4 class=\"content-box-title\">AR Welding Lab Exeter College (UK)<\/h4>\n        \n    <\/div>\n    \n    \n    <span class=\"content-box-decoration-line background-gradient\"><\/span>\n<\/div>[\/vc_column][\/vc_row][vc_row offset_top=\u00bb180&#8243; animation=\u00bb\u00bb css=\u00bb.vc_custom_1519923280717{margin-bottom: 30px !important;}\u00bb][vc_column width=\u00bb1\/3&#8243; animation=\u00bb\u00bb]<div class=\"content-box content-box-image-cover text-center\">\n    <header class=\"content-box-header\">\n        <img loading=\"lazy\" decoding=\"async\" width=\"900\" height=\"600\" src=\"https:\/\/augmentedtraining.org\/wp-content\/uploads\/2017\/11\/Augmented-Lab-Philiphines.jpg\" class=\"attachment-full size-full\" alt=\"\" srcset=\"https:\/\/augmentedtraining.org\/wp-content\/uploads\/2017\/11\/Augmented-Lab-Philiphines.jpg 900w, https:\/\/augmentedtraining.org\/wp-content\/uploads\/2017\/11\/Augmented-Lab-Philiphines-300x200.jpg 300w, https:\/\/augmentedtraining.org\/wp-content\/uploads\/2017\/11\/Augmented-Lab-Philiphines-768x512.jpg 768w\" sizes=\"auto, (max-width: 900px) 100vw, 900px\" \/>\n    <\/header>\n\n    <div class=\"content-box-body\">\n        <h4 class=\"content-box-title\">AR Welding Lab Philippines<\/h4>\n        \n    <\/div>\n    \n    \n    <span class=\"content-box-decoration-line background-gradient\"><\/span>\n<\/div>[\/vc_column][vc_column width=\u00bb1\/3&#8243; animation=\u00bb\u00bb]<div class=\"content-box content-box-image-cover text-center\">\n    <header class=\"content-box-header\">\n        <img loading=\"lazy\" decoding=\"async\" width=\"900\" height=\"600\" src=\"https:\/\/augmentedtraining.org\/wp-content\/uploads\/2017\/11\/AugmentedLabVietnam.jpg\" class=\"attachment-full size-full\" alt=\"\" srcset=\"https:\/\/augmentedtraining.org\/wp-content\/uploads\/2017\/11\/AugmentedLabVietnam.jpg 900w, https:\/\/augmentedtraining.org\/wp-content\/uploads\/2017\/11\/AugmentedLabVietnam-300x200.jpg 300w, https:\/\/augmentedtraining.org\/wp-content\/uploads\/2017\/11\/AugmentedLabVietnam-768x512.jpg 768w\" sizes=\"auto, (max-width: 900px) 100vw, 900px\" \/>\n    <\/header>\n\n    <div class=\"content-box-body\">\n        <h4 class=\"content-box-title\">AR Welding Lab Vietnam<\/h4>\n        \n    <\/div>\n    \n    \n    <span class=\"content-box-decoration-line background-gradient\"><\/span>\n<\/div>[\/vc_column][vc_column width=\u00bb1\/3&#8243; animation=\u00bb\u00bb]<div class=\"content-box content-box-image-cover text-center\">\n    <header class=\"content-box-header\">\n        <img loading=\"lazy\" decoding=\"async\" width=\"1600\" height=\"900\" src=\"https:\/\/augmentedtraining.org\/wp-content\/uploads\/2019\/10\/Soldamatic-Uganda-6.jpeg\" class=\"attachment-full size-full\" alt=\"\" srcset=\"https:\/\/augmentedtraining.org\/wp-content\/uploads\/2019\/10\/Soldamatic-Uganda-6.jpeg 1600w, https:\/\/augmentedtraining.org\/wp-content\/uploads\/2019\/10\/Soldamatic-Uganda-6-300x169.jpeg 300w, https:\/\/augmentedtraining.org\/wp-content\/uploads\/2019\/10\/Soldamatic-Uganda-6-768x432.jpeg 768w, https:\/\/augmentedtraining.org\/wp-content\/uploads\/2019\/10\/Soldamatic-Uganda-6-1024x576.jpeg 1024w\" sizes=\"auto, (max-width: 1600px) 100vw, 1600px\" \/>\n    <\/header>\n\n    <div class=\"content-box-body\">\n        <h4 class=\"content-box-title\">AR Welding Lab Uganda<\/h4>\n        \n    <\/div>\n    \n    \n    <span class=\"content-box-decoration-line background-gradient\"><\/span>\n<\/div>[\/vc_column][\/vc_row]<\/p>\n","protected":false},"excerpt":{"rendered":"[vc_row offset_top=\u00bb180&#8243; animation=\u00bb\u00bb css=\u00bb.vc_custom_1519922886612{margin-top: 50px !important;margin-bottom: 30px !important;}\u00bb][vc_column width=\u00bb1\/2&#8243; animation=\u00bb\u00bb][vc_column_text animation=\u00bb\u00bb] Los Augmented Labs son centros de formaci\u00f3n e innovaci\u00f3n en soldadura que incorporan la simulaci\u00f3n con Realidad Aumentada, cuyo objetivo es la capacitaci\u00f3n y certificaci\u00f3n de profesionales del futuro, para que puedan incorporarse a un mercado de trabajo con gran demanda nacional e internacional&#8230;.\n","protected":false},"author":1,"featured_media":0,"parent":0,"menu_order":0,"comment_status":"closed","ping_status":"closed","template":"","meta":{"footnotes":""},"class_list":["post-1228","page","type-page","status-publish","hentry"],"yoast_head":"<!-- This site is optimized with the Yoast SEO plugin v27.4 - https:\/\/yoast.com\/product\/yoast-seo-wordpress\/ -->\n<title>Labs - Augmented Training<\/title>\n<meta name=\"description\" content=\"Los Augmented Labs son centros de formaci\u00f3n e innovaci\u00f3n en soldadura que incorporan la simulaci\u00f3n con Realidad Aumentada.\" \/>\n<meta name=\"robots\" content=\"index, follow, max-snippet:-1, max-image-preview:large, max-video-preview:-1\" \/>\n<link rel=\"canonical\" href=\"https:\/\/augmentedtraining.org\/labs\/\" \/>\n<meta property=\"og:locale\" content=\"es_ES\" \/>\n<meta property=\"og:type\" content=\"article\" \/>\n<meta property=\"og:title\" content=\"Labs - Augmented Training\" \/>\n<meta property=\"og:description\" content=\"Los Augmented Labs son centros de formaci\u00f3n e innovaci\u00f3n en soldadura que incorporan la simulaci\u00f3n con Realidad Aumentada.\" \/>\n<meta property=\"og:url\" content=\"https:\/\/augmentedtraining.org\/labs\/\" \/>\n<meta property=\"og:site_name\" content=\"Augmented Training\" \/>\n<meta property=\"article:modified_time\" content=\"2019-10-31T07:29:06+00:00\" \/>\n<meta property=\"og:image\" content=\"https:\/\/augmentedtraining.org\/wp-content\/uploads\/2017\/11\/logo_augmentedlab_neg-1024x152.png\" \/>\n\t<meta property=\"og:image:width\" content=\"1024\" \/>\n\t<meta property=\"og:image:height\" content=\"152\" \/>\n\t<meta property=\"og:image:type\" content=\"image\/png\" \/>\n<meta name=\"twitter:card\" content=\"summary_large_image\" \/>\n<meta name=\"twitter:label1\" content=\"Tiempo de lectura\" \/>\n\t<meta name=\"twitter:data1\" content=\"2 minutos\" \/>\n<script type=\"application\/ld+json\" class=\"yoast-schema-graph\">{\"@context\":\"https:\\\/\\\/schema.org\",\"@graph\":[{\"@type\":\"WebPage\",\"@id\":\"https:\\\/\\\/augmentedtraining.org\\\/labs\\\/\",\"url\":\"https:\\\/\\\/augmentedtraining.org\\\/labs\\\/\",\"name\":\"Labs - Augmented Training\",\"isPartOf\":{\"@id\":\"https:\\\/\\\/augmentedtraining.org\\\/#website\"},\"primaryImageOfPage\":{\"@id\":\"https:\\\/\\\/augmentedtraining.org\\\/labs\\\/#primaryimage\"},\"image\":{\"@id\":\"https:\\\/\\\/augmentedtraining.org\\\/labs\\\/#primaryimage\"},\"thumbnailUrl\":\"https:\\\/\\\/augmentedtraining.org\\\/wp-content\\\/uploads\\\/2017\\\/11\\\/logo_augmentedlab_neg-1024x152-300x45.png\",\"datePublished\":\"2017-11-21T11:05:44+00:00\",\"dateModified\":\"2019-10-31T07:29:06+00:00\",\"description\":\"Los Augmented Labs son centros de formaci\u00f3n e innovaci\u00f3n en soldadura que incorporan la simulaci\u00f3n con Realidad Aumentada.\",\"breadcrumb\":{\"@id\":\"https:\\\/\\\/augmentedtraining.org\\\/labs\\\/#breadcrumb\"},\"inLanguage\":\"es\",\"potentialAction\":[{\"@type\":\"ReadAction\",\"target\":[\"https:\\\/\\\/augmentedtraining.org\\\/labs\\\/\"]}]},{\"@type\":\"ImageObject\",\"inLanguage\":\"es\",\"@id\":\"https:\\\/\\\/augmentedtraining.org\\\/labs\\\/#primaryimage\",\"url\":\"https:\\\/\\\/augmentedtraining.org\\\/wp-content\\\/uploads\\\/2017\\\/11\\\/logo_augmentedlab_neg-1024x152-300x45.png\",\"contentUrl\":\"https:\\\/\\\/augmentedtraining.org\\\/wp-content\\\/uploads\\\/2017\\\/11\\\/logo_augmentedlab_neg-1024x152-300x45.png\"},{\"@type\":\"BreadcrumbList\",\"@id\":\"https:\\\/\\\/augmentedtraining.org\\\/labs\\\/#breadcrumb\",\"itemListElement\":[{\"@type\":\"ListItem\",\"position\":1,\"name\":\"Portada\",\"item\":\"https:\\\/\\\/augmentedtraining.org\\\/\"},{\"@type\":\"ListItem\",\"position\":2,\"name\":\"Labs\"}]},{\"@type\":\"WebSite\",\"@id\":\"https:\\\/\\\/augmentedtraining.org\\\/#website\",\"url\":\"https:\\\/\\\/augmentedtraining.org\\\/\",\"name\":\"Augmented Training\",\"description\":\"Transformando la educaci\u00f3n y la formaci\u00f3n con Realidad Aumentada\",\"publisher\":{\"@id\":\"https:\\\/\\\/augmentedtraining.org\\\/#organization\"},\"potentialAction\":[{\"@type\":\"SearchAction\",\"target\":{\"@type\":\"EntryPoint\",\"urlTemplate\":\"https:\\\/\\\/augmentedtraining.org\\\/?s={search_term_string}\"},\"query-input\":{\"@type\":\"PropertyValueSpecification\",\"valueRequired\":true,\"valueName\":\"search_term_string\"}}],\"inLanguage\":\"es\"},{\"@type\":\"Organization\",\"@id\":\"https:\\\/\\\/augmentedtraining.org\\\/#organization\",\"name\":\"Augmented Training\",\"url\":\"https:\\\/\\\/augmentedtraining.org\\\/\",\"logo\":{\"@type\":\"ImageObject\",\"inLanguage\":\"es\",\"@id\":\"https:\\\/\\\/augmentedtraining.org\\\/#\\\/schema\\\/logo\\\/image\\\/\",\"url\":\"https:\\\/\\\/augmentedtraining.org\\\/wp-content\\\/uploads\\\/2024\\\/02\\\/cropped-MicrosoftTeams-image-21.jpg\",\"contentUrl\":\"https:\\\/\\\/augmentedtraining.org\\\/wp-content\\\/uploads\\\/2024\\\/02\\\/cropped-MicrosoftTeams-image-21.jpg\",\"width\":433,\"height\":144,\"caption\":\"Augmented Training\"},\"image\":{\"@id\":\"https:\\\/\\\/augmentedtraining.org\\\/#\\\/schema\\\/logo\\\/image\\\/\"}}]}<\/script>\n<!-- \/ Yoast SEO plugin. -->","yoast_head_json":{"title":"Labs - Augmented Training","description":"Los Augmented Labs son centros de formaci\u00f3n e innovaci\u00f3n en soldadura que incorporan la simulaci\u00f3n con Realidad Aumentada.","robots":{"index":"index","follow":"follow","max-snippet":"max-snippet:-1","max-image-preview":"max-image-preview:large","max-video-preview":"max-video-preview:-1"},"canonical":"https:\/\/augmentedtraining.org\/labs\/","og_locale":"es_ES","og_type":"article","og_title":"Labs - Augmented Training","og_description":"Los Augmented Labs son centros de formaci\u00f3n e innovaci\u00f3n en soldadura que incorporan la simulaci\u00f3n con Realidad Aumentada.","og_url":"https:\/\/augmentedtraining.org\/labs\/","og_site_name":"Augmented Training","article_modified_time":"2019-10-31T07:29:06+00:00","og_image":[{"width":1024,"height":152,"url":"https:\/\/augmentedtraining.org\/wp-content\/uploads\/2017\/11\/logo_augmentedlab_neg-1024x152.png","type":"image\/png"}],"twitter_card":"summary_large_image","twitter_misc":{"Tiempo de lectura":"2 minutos"},"schema":{"@context":"https:\/\/schema.org","@graph":[{"@type":"WebPage","@id":"https:\/\/augmentedtraining.org\/labs\/","url":"https:\/\/augmentedtraining.org\/labs\/","name":"Labs - Augmented Training","isPartOf":{"@id":"https:\/\/augmentedtraining.org\/#website"},"primaryImageOfPage":{"@id":"https:\/\/augmentedtraining.org\/labs\/#primaryimage"},"image":{"@id":"https:\/\/augmentedtraining.org\/labs\/#primaryimage"},"thumbnailUrl":"https:\/\/augmentedtraining.org\/wp-content\/uploads\/2017\/11\/logo_augmentedlab_neg-1024x152-300x45.png","datePublished":"2017-11-21T11:05:44+00:00","dateModified":"2019-10-31T07:29:06+00:00","description":"Los Augmented Labs son centros de formaci\u00f3n e innovaci\u00f3n en soldadura que incorporan la simulaci\u00f3n con Realidad Aumentada.","breadcrumb":{"@id":"https:\/\/augmentedtraining.org\/labs\/#breadcrumb"},"inLanguage":"es","potentialAction":[{"@type":"ReadAction","target":["https:\/\/augmentedtraining.org\/labs\/"]}]},{"@type":"ImageObject","inLanguage":"es","@id":"https:\/\/augmentedtraining.org\/labs\/#primaryimage","url":"https:\/\/augmentedtraining.org\/wp-content\/uploads\/2017\/11\/logo_augmentedlab_neg-1024x152-300x45.png","contentUrl":"https:\/\/augmentedtraining.org\/wp-content\/uploads\/2017\/11\/logo_augmentedlab_neg-1024x152-300x45.png"},{"@type":"BreadcrumbList","@id":"https:\/\/augmentedtraining.org\/labs\/#breadcrumb","itemListElement":[{"@type":"ListItem","position":1,"name":"Portada","item":"https:\/\/augmentedtraining.org\/"},{"@type":"ListItem","position":2,"name":"Labs"}]},{"@type":"WebSite","@id":"https:\/\/augmentedtraining.org\/#website","url":"https:\/\/augmentedtraining.org\/","name":"Augmented Training","description":"Transformando la educaci\u00f3n y la formaci\u00f3n con Realidad Aumentada","publisher":{"@id":"https:\/\/augmentedtraining.org\/#organization"},"potentialAction":[{"@type":"SearchAction","target":{"@type":"EntryPoint","urlTemplate":"https:\/\/augmentedtraining.org\/?s={search_term_string}"},"query-input":{"@type":"PropertyValueSpecification","valueRequired":true,"valueName":"search_term_string"}}],"inLanguage":"es"},{"@type":"Organization","@id":"https:\/\/augmentedtraining.org\/#organization","name":"Augmented Training","url":"https:\/\/augmentedtraining.org\/","logo":{"@type":"ImageObject","inLanguage":"es","@id":"https:\/\/augmentedtraining.org\/#\/schema\/logo\/image\/","url":"https:\/\/augmentedtraining.org\/wp-content\/uploads\/2024\/02\/cropped-MicrosoftTeams-image-21.jpg","contentUrl":"https:\/\/augmentedtraining.org\/wp-content\/uploads\/2024\/02\/cropped-MicrosoftTeams-image-21.jpg","width":433,"height":144,"caption":"Augmented Training"},"image":{"@id":"https:\/\/augmentedtraining.org\/#\/schema\/logo\/image\/"}}]}},"_links":{"self":[{"href":"https:\/\/augmentedtraining.org\/es\/wp-json\/wp\/v2\/pages\/1228","targetHints":{"allow":["GET"]}}],"collection":[{"href":"https:\/\/augmentedtraining.org\/es\/wp-json\/wp\/v2\/pages"}],"about":[{"href":"https:\/\/augmentedtraining.org\/es\/wp-json\/wp\/v2\/types\/page"}],"author":[{"embeddable":true,"href":"https:\/\/augmentedtraining.org\/es\/wp-json\/wp\/v2\/users\/1"}],"replies":[{"embeddable":true,"href":"https:\/\/augmentedtraining.org\/es\/wp-json\/wp\/v2\/comments?post=1228"}],"version-history":[{"count":12,"href":"https:\/\/augmentedtraining.org\/es\/wp-json\/wp\/v2\/pages\/1228\/revisions"}],"predecessor-version":[{"id":1635,"href":"https:\/\/augmentedtraining.org\/es\/wp-json\/wp\/v2\/pages\/1228\/revisions\/1635"}],"wp:attachment":[{"href":"https:\/\/augmentedtraining.org\/es\/wp-json\/wp\/v2\/media?parent=1228"}],"curies":[{"name":"wp","href":"https:\/\/api.w.org\/{rel}","templated":true}]}}