{"id":1270,"date":"2017-12-15T09:31:37","date_gmt":"2017-12-15T09:31:37","guid":{"rendered":"https:\/\/augmentedtraining.org\/?page_id=1270"},"modified":"2018-04-10T16:25:53","modified_gmt":"2018-04-10T16:25:53","slug":"industria","status":"publish","type":"page","link":"https:\/\/augmentedtraining.org\/es\/industria\/","title":{"rendered":"Industria"},"content":{"rendered":"<p>[vc_row offset_top=\u00bb100&#8243; animation=\u00bb\u00bb css=\u00bb.vc_custom_1519922458380{margin-top: 50px !important;margin-bottom: 30px !important;}\u00bb][vc_column width=\u00bb1\/2&#8243; animation=\u00bb\u00bb][vc_column_text animation=\u00bb\u00bb]<\/p>\n<p class=\"text-xl\">Realizamos desarrollos a medida con Realidad Aumentada para facilitar procesos industriales en \u00e1reas como inspecci\u00f3n y mantenimiento.<\/p>\n<p class=\"text-xl\">Entre otras ventajas, estas aplicaciones:<\/p>\n<ul>\n<li class=\"text-xl\">Facilitan la <span class=\"text-primary\"><strong>conexi\u00f3n entre las dos partes<\/strong><\/span> que realizan una inspecci\u00f3n: t\u00e9cnico y operario.<\/li>\n<li class=\"text-xl\"><span class=\"text-primary\"><strong>Recrean el escenario de inspecci\u00f3n y mediante Realidad Aumentada<\/strong><\/span> aportan a la parte t\u00e9cnica los datos y la informaci\u00f3n necesaria para emitir un juicio.<\/li>\n<li class=\"text-xl\">Proporcionan a los operarios <span class=\"text-primary\"><strong>ayudas in-situ y a tiempo real<\/strong><\/span> que sirven de gu\u00eda para realizar la inspecci\u00f3n o el mantenimiento.<\/li>\n<li class=\"text-xl\">Permiten al t\u00e9cnico o responsable realizar un <span class=\"text-primary\"><strong>seguimiento pormenorizado<\/strong><\/span> en remoto y a tiempo real.<\/li>\n<\/ul>\n<p>[\/vc_column_text][\/vc_column][vc_column width=\u00bb1\/2&#8243; animation=\u00bb\u00bb]<div class=\"owl-carousel carousel-with-dots carousel-dark without-captions\" data-si-carousel='{\"nav\":false,\"dots\":true,\"loop\":true,\"autoplay\":true,\"autoplayTimeout\":3000,\"margin\":0,\"autoHeight\":true,\"responsive\":{\"0\":{\"items\":1},\"768\":{\"items\":1},\"991\":{\"items\":1},\"1200\":{\"items\":1}}}'><figure class=\"carousel-item\"><img loading=\"lazy\" decoding=\"async\" width=\"900\" height=\"506\" src=\"https:\/\/augmentedtraining.org\/wp-content\/uploads\/2017\/12\/App-ARIAM-01.jpg\" class=\"attachment-full size-full\" alt=\"\" srcset=\"https:\/\/augmentedtraining.org\/wp-content\/uploads\/2017\/12\/App-ARIAM-01.jpg 900w, https:\/\/augmentedtraining.org\/wp-content\/uploads\/2017\/12\/App-ARIAM-01-300x169.jpg 300w, https:\/\/augmentedtraining.org\/wp-content\/uploads\/2017\/12\/App-ARIAM-01-768x432.jpg 768w\" sizes=\"auto, (max-width: 900px) 100vw, 900px\" \/><\/figure><figure class=\"carousel-item\"><img loading=\"lazy\" decoding=\"async\" width=\"900\" height=\"506\" src=\"https:\/\/augmentedtraining.org\/wp-content\/uploads\/2017\/12\/App-ARIAM-05.jpg\" class=\"attachment-full size-full\" alt=\"\" srcset=\"https:\/\/augmentedtraining.org\/wp-content\/uploads\/2017\/12\/App-ARIAM-05.jpg 900w, https:\/\/augmentedtraining.org\/wp-content\/uploads\/2017\/12\/App-ARIAM-05-300x169.jpg 300w, https:\/\/augmentedtraining.org\/wp-content\/uploads\/2017\/12\/App-ARIAM-05-768x432.jpg 768w\" sizes=\"auto, (max-width: 900px) 100vw, 900px\" \/><\/figure><figure class=\"carousel-item\"><img loading=\"lazy\" decoding=\"async\" width=\"900\" height=\"506\" src=\"https:\/\/augmentedtraining.org\/wp-content\/uploads\/2017\/12\/App-ARIAM-02.jpg\" class=\"attachment-full size-full\" alt=\"\" srcset=\"https:\/\/augmentedtraining.org\/wp-content\/uploads\/2017\/12\/App-ARIAM-02.jpg 900w, https:\/\/augmentedtraining.org\/wp-content\/uploads\/2017\/12\/App-ARIAM-02-300x169.jpg 300w, https:\/\/augmentedtraining.org\/wp-content\/uploads\/2017\/12\/App-ARIAM-02-768x432.jpg 768w\" sizes=\"auto, (max-width: 900px) 100vw, 900px\" \/><\/figure><figure class=\"carousel-item\"><img loading=\"lazy\" decoding=\"async\" width=\"900\" height=\"506\" src=\"https:\/\/augmentedtraining.org\/wp-content\/uploads\/2017\/12\/App-ARIAM-04.jpg\" class=\"attachment-full size-full\" alt=\"\" srcset=\"https:\/\/augmentedtraining.org\/wp-content\/uploads\/2017\/12\/App-ARIAM-04.jpg 900w, https:\/\/augmentedtraining.org\/wp-content\/uploads\/2017\/12\/App-ARIAM-04-300x169.jpg 300w, https:\/\/augmentedtraining.org\/wp-content\/uploads\/2017\/12\/App-ARIAM-04-768x432.jpg 768w\" sizes=\"auto, (max-width: 900px) 100vw, 900px\" \/><\/figure><\/div>[\/vc_column][\/vc_row]<\/p>\n","protected":false},"excerpt":{"rendered":"[vc_row offset_top=\u00bb100&#8243; animation=\u00bb\u00bb css=\u00bb.vc_custom_1519922458380{margin-top: 50px !important;margin-bottom: 30px !important;}\u00bb][vc_column width=\u00bb1\/2&#8243; animation=\u00bb\u00bb][vc_column_text animation=\u00bb\u00bb] Realizamos desarrollos a medida con Realidad Aumentada para facilitar procesos industriales en \u00e1reas como inspecci\u00f3n y mantenimiento. Entre otras ventajas, estas aplicaciones: Facilitan la conexi\u00f3n entre las dos partes que realizan una inspecci\u00f3n: t\u00e9cnico y operario. Recrean el escenario de inspecci\u00f3n y mediante Realidad&#8230;\n","protected":false},"author":1,"featured_media":0,"parent":0,"menu_order":0,"comment_status":"closed","ping_status":"closed","template":"","meta":{"footnotes":""},"class_list":["post-1270","page","type-page","status-publish","hentry"],"_links":{"self":[{"href":"https:\/\/augmentedtraining.org\/es\/wp-json\/wp\/v2\/pages\/1270","targetHints":{"allow":["GET"]}}],"collection":[{"href":"https:\/\/augmentedtraining.org\/es\/wp-json\/wp\/v2\/pages"}],"about":[{"href":"https:\/\/augmentedtraining.org\/es\/wp-json\/wp\/v2\/types\/page"}],"author":[{"embeddable":true,"href":"https:\/\/augmentedtraining.org\/es\/wp-json\/wp\/v2\/users\/1"}],"replies":[{"embeddable":true,"href":"https:\/\/augmentedtraining.org\/es\/wp-json\/wp\/v2\/comments?post=1270"}],"version-history":[{"count":12,"href":"https:\/\/augmentedtraining.org\/es\/wp-json\/wp\/v2\/pages\/1270\/revisions"}],"predecessor-version":[{"id":1443,"href":"https:\/\/augmentedtraining.org\/es\/wp-json\/wp\/v2\/pages\/1270\/revisions\/1443"}],"wp:attachment":[{"href":"https:\/\/augmentedtraining.org\/es\/wp-json\/wp\/v2\/media?parent=1270"}],"curies":[{"name":"wp","href":"https:\/\/api.w.org\/{rel}","templated":true}]}}