{"id":1513,"date":"2018-06-11T12:32:23","date_gmt":"2018-06-11T12:32:23","guid":{"rendered":"https:\/\/augmentedtraining.org\/?page_id=1513"},"modified":"2021-06-16T07:09:25","modified_gmt":"2021-06-16T07:09:25","slug":"politica-general-privacidad","status":"publish","type":"page","link":"https:\/\/augmentedtraining.org\/es\/politica-general-privacidad\/","title":{"rendered":"Pol\u00edtica General de Privacidad"},"content":{"rendered":"<p>&nbsp;<\/p>\n<p>&nbsp;<\/p>\n<p><strong>1.Introducci\u00f3n&nbsp;<\/strong><\/p>\n\n\n<p>1. Introducci\u00f3n<\/p>\n\n\n\n<p><br>El derecho a la intimidad y, en particular, el derecho a la protecci\u00f3n de datos personales es uno de los principios b\u00e1sicos de las empresas que componen el grupo Seabery Augmented Technology SL (en adelante \u00abSeabery\u00bb) con domicilio social en la calle Doctor Emilio Haya Prats, 13, 21005, Huelva, Espa\u00f1a, y est\u00e1 recogido en su C\u00f3digo \u00c9tico.<br>La presente Pol\u00edtica General de Privacidad (en adelante, \u00abla Pol\u00edtica\u00bb) tiene por objeto explicar la forma en que Seabery utilizar\u00e1 los datos personales que puedan ser recabados a trav\u00e9s del sitio https:\/\/www.seaberyat.com\/ (el \u00abSitio Web\u00bb), nuestra pol\u00edtica de protecci\u00f3n de datos personales y se proporciona la informaci\u00f3n requerida por la normativa aplicable a los Servicios de la Sociedad de la Informaci\u00f3n y Comercio Electr\u00f3nico, y de acuerdo con dicha informaci\u00f3n usted podr\u00e1 decidir voluntariamente en qu\u00e9 medida desea proporcionar sus datos personales.<br>Sus datos personales ser\u00e1n tratados de forma estrictamente confidencial, y s\u00f3lo para los fines que usted acept\u00f3, tal y como se explica a continuaci\u00f3n y se detalla en las pol\u00edticas de privacidad espec\u00edficas de cada formulario, seg\u00fan el caso.<\/p>\n\n\n\n<p><br>2. \u00c1mbito de aplicaci\u00f3n de la pol\u00edtica<\/p>\n\n\n\n<p><br>Esta pol\u00edtica se aplica \u00fanicamente a este sitio web, y no a los sitios web propiedad de terceros. Desde este sitio web, Seabery puede proporcionar enlaces a otros sitios web que considera de inter\u00e9s para sus visitantes. Seabery quiere asegurarse de que estos sitios mantienen los m\u00e1s altos est\u00e1ndares de protecci\u00f3n.<br>Sin embargo, dada la naturaleza de Internet, Seabery no puede garantizar los niveles de privacidad de dichos sitios web, ni hacerse responsable de los contenidos de los sitios web ajenos a la propiedad de Seabery. Esta pol\u00edtica no se aplica a ning\u00fan sitio web ajeno a Seabery que tenga un enlace.<\/p>\n\n\n\n<p><br>3. Compromiso con la privacidad<\/p>\n\n\n\n<p><br>Seabery est\u00e1 plenamente comprometida con el cumplimiento normativo, especialmente con el GDPR de la UE, y la normativa relacionada con la protecci\u00f3n de datos personales vigente en cada momento. Por ello, Seabery ha implementado estos principios, siendo la privacidad la base de los mismos:<\/p>\n\n\n\n<p><br>\u2022 La transparencia en el tratamiento de los datos es una de las prioridades de Seabery, por ello, cada vez que se necesiten datos personales, el usuario ser\u00e1 debidamente informado gracias a la pol\u00edtica de privacidad aplicable, incluyendo, entre otros aspectos, la finalidad del tratamiento dado.<br>\u2022 El tratamiento de los datos personales estrictamente necesarios para la prestaci\u00f3n del servicio solicitado, en su caso.<br>\u2022 La accesibilidad y la proactividad, siempre que sea posible, para proporcionarle medios sencillos para controlar sus datos personales.<br>\u2022 La no cesi\u00f3n de sus datos personales a terceros, a excepci\u00f3n de los proveedores de Seabery, o a los que previamente Seabery haya informado y recibido su consentimiento.<br>\u2022 La confidencialidad de los datos personales recogidos y tratados por Seabery, garantizando la adopci\u00f3n de las medidas de seguridad adecuadas para su protecci\u00f3n.<\/p>\n\n\n\n<p><br>4. Controlador<\/p>\n\n\n\n<p><br>\u00abSeabery Augmented Technology, S.L.\u00bb, empresa con sede en Huelva, Espa\u00f1a, calle Doctor Emilio Haya Prats, 13, 21005, con CIF B-21.568.878 (en adelante, la \u00abEmpresa\u00bb) es el responsable del tratamiento de los datos personales.<br>Si tiene alguna pregunta sobre el tratamiento de sus datos personales, puede ponerse en contacto con la empresa a trav\u00e9s de los siguientes canales:<br>(i) Por correo electr\u00f3nico a la siguiente direcci\u00f3n protecciondedatos@seaberyat.com<br>(ii) Correo postal dirigido a Seabery, C\/ Doctor Emilio Haya Prats, 13 21005, Huelva (Espa\u00f1a).<\/p>\n\n\n\n<p><br>4. Finalidad del tratamiento<\/p>\n\n\n\n<p><br>La Compa\u00f1\u00eda recoge los datos personales de los usuarios que se facilitan a trav\u00e9s de los formularios disponibles en el Sitio Web, a trav\u00e9s del correo electr\u00f3nico o en las comunicaciones de los usuarios por otros medios, con la finalidad de tramitar sus solicitudes y prestar los servicios y productos que puedan ser de su inter\u00e9s. La Empresa y las dem\u00e1s empresas que componen el grupo Seabery tratan estos datos personales con las siguientes finalidades:<\/p>\n\n\n\n<p><br>a) Atender las consultas, preguntas o peticiones realizadas a trav\u00e9s de los canales de atenci\u00f3n al cliente o de comunicaci\u00f3n identificados en el Sitio Web, y contactar con el usuario para resolverlas.<br>b) Mejorar el sitio web, as\u00ed como los servicios y el producto de la empresa para ofrecer mejores servicios y contenidos.<br>c) Proporcionar acceso a \u00e1reas restringidas del sitio web (el registro puede requerir la aceptaci\u00f3n de una pol\u00edtica de privacidad espec\u00edfica).<br>d) Permitirle realizar compras a trav\u00e9s del sitio web.<br>e) Realizar estudios con fines estad\u00edsticos.<br>f) Cumplir con las obligaciones fiscales.<br>g) Tramitar la garant\u00eda de los productos adquiridos en Seabery.<br>h) Cumplir con el marco legal vigente.<br>i) Gestionar los datos del usuario para enviar informaci\u00f3n comercial.<br>j) Recoger, almacenar y tratar su curr\u00edculum vitae, as\u00ed como los datos personales incluidos en el mismo, con la finalidad de analizar su perfil profesional para involucrar al usuario en los procesos de selecci\u00f3n de Seabery.<br>k) Enviar comunicaciones por correo electr\u00f3nico y\/o tel\u00e9fono y\/o tarjetas postales en el proceso de selecci\u00f3n personal por parte de Seabery.<br>l) Evaluar su capacidad para desempe\u00f1ar un puesto de trabajo mediante la realizaci\u00f3n de pruebas espec\u00edficas que se le comunicar\u00e1n en su momento.<br>Tambi\u00e9n se le informa de que no se crear\u00e1n perfiles ni segmentaciones, y que no se tomar\u00e1n decisiones automatizadas sobre los datos proporcionados por los usuarios.<br>En el hipot\u00e9tico caso de que nos facilite sus datos a trav\u00e9s de un mensaje de correo electr\u00f3nico, formar\u00e1 parte de un tratamiento de datos cuya finalidad ser\u00e1 la gesti\u00f3n de la solicitud, sugerencia o comentario que nos haga.<\/p>\n\n\n\n<p><br>5. Categor\u00edas de datos personales<\/p>\n\n\n\n<p><br>Seabery s\u00f3lo recabar\u00e1 los datos personales que usted voluntariamente desee revelar y, de acuerdo con la legislaci\u00f3n vigente en materia de protecci\u00f3n de datos, as\u00ed como en materia de servicios de la sociedad de la informaci\u00f3n y de comercio electr\u00f3nico, le informar\u00e1 de que dichos datos personales proporcionados en el momento del registro, o cualquier otro dato facilitado a Seabery para el acceso a cualquiera de los servicios del Sitio Web, ser\u00e1n incorporados a ficheros titularidad de Seabery.<\/p>\n\n\n\n<p><br>Las categor\u00edas y\/o tipos de datos personales que trata Seabery son los que proporciona directamente el interesado, titular de los mismos. En particular, los datos que Seabery podr\u00eda solicitarle son los siguientes:<\/p>\n\n\n\n<p><br>\u2022 Datos de identificaci\u00f3n\/strong&gt; Informaci\u00f3n relativa a una persona f\u00edsica que permite diferenciarla de otras en una comunidad, como: nombre; firma manuscrita y electr\u00f3nica; n\u00famero de identificaci\u00f3n fiscal; lugar y fecha de nacimiento; nacionalidad; fotograf\u00eda; edad.<br>\u2022 Informaci\u00f3n de contacto Informaci\u00f3n que le permite mantenerse en contacto con su propietario, como: direcci\u00f3n; correo electr\u00f3nico; tel\u00e9fono fijo; tel\u00e9fono m\u00f3vil.<br>\u2022 Datos sobre caracter\u00edsticas f\u00edsicas. Informaci\u00f3n sobre una persona f\u00edsica relativa a su fisonom\u00eda, anatom\u00eda, rasgos espec\u00edficos o particularidades, tales como: medidas necesarias para la fabricaci\u00f3n de los productos.<br>\u2022 Datos financieros o patrimoniales. Informaci\u00f3n relativa a una persona f\u00edsica relacionada con sus bienes, derechos, cargas u obligaciones sujetas a valoraci\u00f3n econ\u00f3mica, como: cuentas bancarias, n\u00famero de tarjeta de cr\u00e9dito, n\u00famero de seguridad.<\/p>\n\n\n\n<p><br>6. Legitimidad del tratamiento de sus datos personales: base legal<\/p>\n\n\n\n<p><br>Las bases legales para el tratamiento de sus datos por parte de Seabery son las siguientes:<\/p>\n\n\n\n<p><br>a) En el caso de que los usuarios soliciten servicios y\/o informaci\u00f3n, la base legal es el inter\u00e9s leg\u00edtimo de la Compa\u00f1\u00eda en la correcta gesti\u00f3n de la solicitud de servicios y\/o informaci\u00f3n realizada por los usuarios.<br>b) En el caso de que los usuarios env\u00eden el CV a trav\u00e9s de los formularios disponibles en el Sitio Web, con la finalidad de analizar su perfil profesional para involucrar a los usuarios en los procesos de selecci\u00f3n de Seabery, la base legal es el consentimiento expreso de los usuarios otorgado mediante clic en la aceptaci\u00f3n de la Pol\u00edtica requerida para el env\u00edo del CV.<br>b) En el caso de que los usuarios faciliten alg\u00fan dato de caracter\u00edsticas f\u00edsicas o cualquier otro dato sensible o especialmente protegido la base legal es el consentimiento expreso de los usuarios. En consecuencia, Seabery NO trata datos sensibles o especialmente protegidos sin el consentimiento expreso de los usuarios, por lo que si los usuarios facilitan dichos datos a la Compa\u00f1\u00eda y no se ha otorgado un consentimiento expreso por parte de los usuarios, \u00e9stos ser\u00e1n destruidos inmediatamente.<br>El tratamiento de sus datos personales puede ser necesario en ocasiones para cumplir con determinadas obligaciones legales, o en relaci\u00f3n con cualquier relaci\u00f3n contractual que SEABERY pueda tener con usted. En todos los dem\u00e1s casos, y siempre que sea apropiado, Seabery solicitar\u00e1 su consentimiento para procesar sus datos personales.<\/p>\n\n\n\n<p><br>7. Env\u00edo de comunicaciones comerciales.<\/p>\n\n\n\n<p><br>SEABERY, en el marco de su actividad promocional, puede facilitar recursos para el registro o suscripci\u00f3n a noticias o informaci\u00f3n comercial relacionada con el Grupo Seabery. Estos recursos estar\u00e1n siempre sujetos a su consentimiento expreso para remitirlos.<br>En el caso de que lo haya autorizado expresamente, Seabery le enviar\u00e1 informaci\u00f3n sobre sus productos, actividades y servicios personalizados, de acuerdo con sus gustos y preferencias. Asimismo, y en el caso, de que tambi\u00e9n lo haya consentido expresamente, podr\u00e1 recibir informaci\u00f3n relacionada con los concursos y\/o sorteos de Seabery, as\u00ed como de sus eventos y actos corporativos cercanos a su ubicaci\u00f3n.<br>Usted puede revocar su consentimiento para recibir comunicaciones comerciales en cualquier momento, a trav\u00e9s del enlace o bot\u00f3n habilitado al efecto en cada una de las comunicaciones, o comunicando directamente su voluntad de revocar el consentimiento a trav\u00e9s de los siguientes canales:<\/p>\n\n\n\n<p><br>(i)Correo electr\u00f3nico a la siguiente direcci\u00f3n protecciondedatos@seaberyat.com<br>(ii) Correo postal dirigido a Seabery, C\/ Doctor Emilio Haya Prats, 13 21005, Huelva (Espa\u00f1a).<\/p>\n\n\n\n<p><br>8. Duraci\u00f3n del tratamiento y per\u00edodo de conservaci\u00f3n de los datos.<\/p>\n\n\n\n<p><br>Seabery se compromete a tratar sus datos personales mientras sean realmente \u00fatiles y necesarios para poder ofrecerle un servicio de calidad mediante su tratamiento. Por lo tanto, SEABERY har\u00e1 todos los esfuerzos razonables y oportunos para minimizar el procesamiento y la retenci\u00f3n de sus datos personales.<\/p>\n\n\n\n<p><br>Los datos se conservar\u00e1n en funci\u00f3n de las categor\u00edas y\/o tipos de datos personales tratados :<\/p>\n\n\n\n<p><br>a) Datos generales: los datos se conservar\u00e1n mientras permanezca activa la relaci\u00f3n con los usuarios, al menos durante un periodo de cinco (5) a\u00f1os desde la \u00faltima interacci\u00f3n y mientras no haya prescrito la responsabilidad, tiempo durante el cual permanecer\u00e1n bloqueados.<br>b) Datos de los demandantes de empleo: los datos se conservar\u00e1n mientras dure el proceso de selecci\u00f3n para el puesto de trabajo al que se hayan presentado los usuarios, pudiendo mantenerlos posteriormente bloqueados durante tres (3) a\u00f1os.<br>En cualquier caso, y aunque usted solicite la supresi\u00f3n de sus datos personales, Seabery tendr\u00e1 derecho a conservarlos y mantenerlos, bajo el debido bloqueo, durante el periodo necesario para cumplir con las obligaciones legales correspondientes, as\u00ed como a ponerlos a disposici\u00f3n de las autoridades competentes en las diferentes materias que sean aplicables.<\/p>\n\n\n\n<p><br>8. Comunicaci\u00f3n de datos<\/p>\n\n\n\n<p><br>La Empresa podr\u00e1 compartir los datos personales con sus filiales o con los proveedores de servicios de Seabery en los sectores de sistemas y tecnolog\u00eda y de gesti\u00f3n administrativa que puedan tener acceso a los datos personales de los usuarios como parte de la prestaci\u00f3n de servicios por parte de dichos terceros a la Empresa y\/o a las dem\u00e1s empresas que componen el grupo Seabery.<\/p>\n\n\n\n<p><br>Los datos personales de los usuarios pueden ser transferidos a empresas de servicios tecnol\u00f3gicos y de mantenimiento de los sistemas de Seabery ubicadas fuera de la Uni\u00f3n Europea (\u00abUE\u00bb). Si desea conocer los pa\u00edses en los que se encuentran estas empresas, escriba un correo electr\u00f3nico a la siguiente direcci\u00f3n: info@www.seaberyat.com, y se le facilitar\u00e1 una lista actualizada.<\/p>\n\n\n\n<p><br>Estas transferencias se realizar\u00edan sobre la base de la suscripci\u00f3n con dichas empresas ubicadas fuera de la UE de cl\u00e1usulas tipo de protecci\u00f3n de datos adoptadas por la Comisi\u00f3n Europea para las transferencias internacionales, tal y como establece el art\u00edculo 46.2 del RGPD, y\/o a pa\u00edses a los que la Comisi\u00f3n Europea considera que ofrecen garant\u00edas adecuadas para la protecci\u00f3n de sus datos. En caso de que desee solicitar una copia de estas cl\u00e1usulas contractuales y\/o los pa\u00edses a los que se pueden transferir sus datos, p\u00f3ngase en contacto con la Empresa en la siguiente direcci\u00f3n de correo electr\u00f3nico para presentar su solicitud: info@www.seaberyat.com.<br>Sus datos s\u00f3lo ser\u00e1n cedidos o comunicados cuando la Compa\u00f1\u00eda y\/o las dem\u00e1s empresas que componen el grupo Seabery sean legalmente requeridas para ello por las autoridades competentes, incluidos los jueces y tribunales o las fuerzas de seguridad del Estado.<\/p>\n\n\n\n<p><br>9. Ejercicio de derechos y reclamaciones ante la AEPD<\/p>\n\n\n\n<p><br>Como resultado del tratamiento de sus datos personales por parte de Seabery, usted tiene una serie de derechos seg\u00fan la legislaci\u00f3n aplicable. Seabery le proporciona una breve explicaci\u00f3n de cada derecho para facilitar su ejercicio:<\/p>\n\n\n\n<p><br>a) Derecho de acceso: Usted tendr\u00e1 derecho a conocer los datos personales que son tratados por Seabery, as\u00ed como las finalidades de dicho tratamiento.<br>b) Derecho de rectificaci\u00f3n: Sus datos siempre ser\u00e1n suyos, y como tal, puede solicitar la rectificaci\u00f3n de los mismos en cualquier momento si los datos que aparecen en los registros de Seabery son err\u00f3neos.<br>c) Derecho de supresi\u00f3n: Usted podr\u00e1 solicitar, en cualquier momento, que sus datos personales sean eliminados de los ficheros de Seabery. No obstante, y como se ha indicado anteriormente, debe tener en cuenta que en determinadas circunstancias, el cumplimiento de la legislaci\u00f3n vigente puede impedir el ejercicio efectivo de este derecho.<br>d) Derecho de oposici\u00f3n: Usted puede oponerse al tratamiento de sus datos personales para cualquier finalidad para la que tratemos sus datos, de acuerdo con las pol\u00edticas de privacidad aplicables en cada caso.<br>e) Derecho a limitar el tratamiento: Puede solicitar la limitaci\u00f3n del tratamiento en los siguientes casos:<br>\u2022 1. Cuando considere que la informaci\u00f3n que Seabery mantiene sobre usted no es correcta o precisa;<br>\u2022 2. Cuando considere que Seabery no est\u00e1 tratando sus datos de forma leg\u00edtima, prefiere limitar el tratamiento de sus datos a su eliminaci\u00f3n;<br>\u2022 3. Cuando los datos que conserva Seabery ya no son necesarios para la finalidad para la que fueron recogidos, pero usted necesita conservarlos para presentar reclamaciones legales;<br>\u2022 4.Cuando, habiendo ejercido el derecho de oposici\u00f3n a cualquier tratamiento, est\u00e9 pendiente de respuesta por parte de Seabery.<\/p>\n\n\n\n<p><br>f) Derecho a la portabilidad de los datos:<\/p>\n\n\n\n<p><br>Usted tiene derecho, siempre que sea t\u00e9cnicamente posible y razonable, a solicitar que los datos personales que ha facilitado se comuniquen directamente a otro responsable del tratamiento. Si esto no es posible, Seabery proporcionar\u00e1 sus datos directamente a ese otro responsable del tratamiento, pero si no es posible, Seabery se los proporcionar\u00e1 en un formato est\u00e1ndar.<br>Si Seabery trata sus datos personales con su consentimiento expreso, puede revocarlo en cualquier momento, sin que ello tenga consecuencias para usted, m\u00e1s all\u00e1 de que no podamos prestarle determinados servicios de acuerdo con la legislaci\u00f3n vigente.<br>Podr\u00e1 ejercer sus derechos poni\u00e9ndose en contacto con Seabery a trav\u00e9s de uno de los siguientes medios, junto con una copia de su DNI o documento de identificaci\u00f3n equivalente:<br>(i) Por correo electr\u00f3nico a la siguiente direcci\u00f3n: protecciondedatos@seaberyat.com<br>(ii) Por correo postal dirigido a Seabery, C\/Doctor Emilio Haya Prats, 13 21005, Huelva (Espa\u00f1a).<br>Si no desea ejercer un derecho espec\u00edfico, pero necesita hacer una consulta o sugerencia sobre el tratamiento de sus datos personales, tambi\u00e9n puede dirigirse a las direcciones previstas para el ejercicio de los derechos.<br>Tenga en cuenta que, en cualquier caso, puede presentar una reclamaci\u00f3n ante la Autoridad Competente si considera que Seabery no ha tratado sus datos de forma l\u00edcita o no ha gestionado adecuadamente sus peticiones o derechos. En Espa\u00f1a, esta Autoridad Competente es la Agencia Espa\u00f1ola de Protecci\u00f3n de Datos.<\/p>\n\n\n\n<p><br>10. Confidencialidad y seguridad en el tratamiento de estos datos<\/p>\n\n\n\n<p><br>Sus datos personales son muy importantes para Seabery, por lo que nos comprometemos a tratarlos con la m\u00e1xima confidencialidad y discreci\u00f3n, as\u00ed como a aplicar todas las medidas de seguridad que considere oportunas y razonables.<br>En este sentido, Seabery declara y garantiza que ha establecido todos los medios t\u00e9cnicos a su alcance para evitar la p\u00e9rdida, mal uso, alteraci\u00f3n, acceso no autorizado y robo de los datos facilitados por los usuarios. Asimismo, Seabery revisa constantemente sus medidas de seguridad para que est\u00e9n siempre actualizadas.<\/p>\n\n\n\n<p><br>11. Medios de comunicaci\u00f3n social<\/p>\n\n\n\n<p><br>Las redes sociales forman parte de la vida cotidiana de muchos usuarios de Internet, y por este motivo, se han creado diferentes perfiles de Seabery en ellas.<br>Todos los usuarios tienen la posibilidad de unirse a las p\u00e1ginas o grupos que Seabery tiene en las diferentes redes sociales.<br>Sin embargo, tenga en cuenta que, a menos que le solicitemos sus datos directamente (por ejemplo, mediante acciones de marketing, concursos, promociones o cualquier otro medio v\u00e1lido), sus datos pertenecer\u00e1n a la Red Social correspondiente.<br>Por lo tanto, le recomendamos que lea detenidamente sus condiciones de uso y pol\u00edticas de privacidad, as\u00ed como que se asegure de establecer sus preferencias en cuanto al tratamiento de sus datos.<\/p>\n\n\n\n<p><br>12. Servicios de la sociedad de la informaci\u00f3n<\/p>\n\n\n\n<p><br>En cumplimiento de lo dispuesto en el art\u00edculo 10 de la Ley 34\/2002, de 11 de julio, de Servicios de la Sociedad de la Informaci\u00f3n y de Comercio Electr\u00f3nico, se le facilita la siguiente informaci\u00f3n:<br>a) Nombre de la empresa prestadora de servicios de la sociedad de la informaci\u00f3n y NIF: \u00abSeabery Augmented Technology, S.L.\u00bb con NIF B-21.568.878<br>b) Datos registrales: Inscrita en el Registro Mercantil de Huelva en el Tomo 1.085, Secci\u00f3n General de Sociedades Hoja n\u00famero H-23.342, Inscripci\u00f3n 1\u00aa.<br>c) Direcci\u00f3n de la empresa: Huelva, Espa\u00f1a, calle Doctor Emilio Haya Prats, 13, 21005.<br>d) Direcci\u00f3n de correo electr\u00f3nico: protecciondedatos@seaberyat.com<\/p>\n","protected":false},"excerpt":{"rendered":"&nbsp; &nbsp; 1.Introducci\u00f3n&nbsp; 1. Introducci\u00f3n El derecho a la intimidad y, en particular, el derecho a la protecci\u00f3n de datos personales es uno de los principios b\u00e1sicos de las empresas que componen el grupo Seabery Augmented Technology SL (en adelante \u00abSeabery\u00bb) con domicilio social en la calle Doctor Emilio Haya Prats, 13, 21005, Huelva, Espa\u00f1a,&#8230;\n","protected":false},"author":6,"featured_media":0,"parent":0,"menu_order":0,"comment_status":"closed","ping_status":"closed","template":"","meta":{"footnotes":""},"class_list":["post-1513","page","type-page","status-publish","hentry"],"_links":{"self":[{"href":"https:\/\/augmentedtraining.org\/es\/wp-json\/wp\/v2\/pages\/1513","targetHints":{"allow":["GET"]}}],"collection":[{"href":"https:\/\/augmentedtraining.org\/es\/wp-json\/wp\/v2\/pages"}],"about":[{"href":"https:\/\/augmentedtraining.org\/es\/wp-json\/wp\/v2\/types\/page"}],"author":[{"embeddable":true,"href":"https:\/\/augmentedtraining.org\/es\/wp-json\/wp\/v2\/users\/6"}],"replies":[{"embeddable":true,"href":"https:\/\/augmentedtraining.org\/es\/wp-json\/wp\/v2\/comments?post=1513"}],"version-history":[{"count":5,"href":"https:\/\/augmentedtraining.org\/es\/wp-json\/wp\/v2\/pages\/1513\/revisions"}],"predecessor-version":[{"id":1715,"href":"https:\/\/augmentedtraining.org\/es\/wp-json\/wp\/v2\/pages\/1513\/revisions\/1715"}],"wp:attachment":[{"href":"https:\/\/augmentedtraining.org\/es\/wp-json\/wp\/v2\/media?parent=1513"}],"curies":[{"name":"wp","href":"https:\/\/api.w.org\/{rel}","templated":true}]}}