{"id":1521,"date":"2018-06-11T12:31:46","date_gmt":"2018-06-11T12:31:46","guid":{"rendered":"https:\/\/augmentedtraining.org\/?page_id=1521"},"modified":"2018-06-11T12:31:46","modified_gmt":"2018-06-11T12:31:46","slug":"politica-de-cookies","status":"publish","type":"page","link":"https:\/\/augmentedtraining.org\/es\/politica-de-cookies\/","title":{"rendered":"Politica de Cookies"},"content":{"rendered":"<p>[vc_row offset_top=\u00bb180&#8243; animation=\u00bb\u00bb css=\u00bb.vc_custom_1511195545582{margin-top: 50px !important;}\u00bb][vc_column width=\u00bb1\/6&#8243; animation=\u00bb\u00bb][\/vc_column][vc_column width=\u00bb2\/3&#8243; animation=\u00bb\u00bb][vc_column_text animation=\u00bb\u00bb]<\/p>\n<p>El acceso a este Sitio Web puede implicar la utilizaci\u00f3n de cookies. Las cookies son peque\u00f1as cantidades de informaci\u00f3n que se almacenan en el navegador utilizado por cada Usuario \u2014en los distintos dispositivos que pueda utilizar para navegar\u2014 para que el servidor recuerde cierta informaci\u00f3n que posteriormente y \u00fanicamente el servidor que la implement\u00f3 leer\u00e1. Las cookies facilitan la navegaci\u00f3n, la hacen m\u00e1s amigable, y no da\u00f1an el dispositivo de navegaci\u00f3n.<\/p>\n<p>Las cookies son procedimientos autom\u00e1ticos de recogida de informaci\u00f3n relativa a las preferencias determinadas por el Usuario durante su visita al Sitio Web con el fin de reconocerlo como Usuario, y personalizar su experiencia y el uso del Sitio Web, y pueden tambi\u00e9n, por ejemplo, ayudar a identificar y resolver errores.<\/p>\n<p>La informaci\u00f3n recabada a trav\u00e9s de las cookies puede incluir la fecha y hora de visitas al Sitio Web, las p\u00e1ginas visionadas, el tiempo que ha estado en el Sitio Web y los sitios visitados justo antes y despu\u00e9s del mismo. Sin embargo, ninguna cookie permite que esta misma pueda contactarse con el n\u00famero de tel\u00e9fono del Usuario o con cualquier otro medio de contacto personal. Ninguna cookie puede extraer informaci\u00f3n del disco duro del Usuario o robar informaci\u00f3n personal. La \u00fanica manera de que la informaci\u00f3n privada del Usuario forme parte del archivo Cookie es que el usuario d\u00e9 personalmente esa informaci\u00f3n al servidor.<\/p>\n<p>Las cookies que permiten identificar a una persona se consideran datos personales. Por tanto, a las mismas les ser\u00e1 de aplicaci\u00f3n la Pol\u00edtica de Privacidad anteriormente descrita. En este sentido, para la utilizaci\u00f3n de las mismas ser\u00e1 necesario el consentimiento del Usuario. Este consentimiento ser\u00e1 comunicado, en base a una elecci\u00f3n aut\u00e9ntica, ofrecido mediante una decisi\u00f3n afirmativa y positiva, antes del tratamiento inicial, removible y documentado.<\/p>\n<p><strong>Cookies propias<\/strong><\/p>\n<p>Son aquellas cookies que son enviadas al ordenador o dispositivo del Usuario y gestionadas exclusivamente por www.seaberyat.com para el mejor funcionamiento del Sitio Web. La informaci\u00f3n que se recaba se emplea para mejorar la calidad del Sitio Web y su Contenido y su experiencia como Usuario. Estas cookies permiten reconocer al Usuario como visitante recurrente del Sitio Web y adaptar el contenido para ofrecerle contenidos que se ajusten a sus preferencias.<\/p>\n<p>La(s) entidad(es) encargada(s) del suministro de cookies podr\u00e1(n) ceder esta informaci\u00f3n a terceros, siempre y cuando lo exija la ley o sea un tercero el que procese esta informaci\u00f3n para dichas entidades.<\/p>\n<p><strong>Cookies de redes sociales<\/strong><\/p>\n<p>www.seaberyat.com incorpora plugins de redes sociales, que permiten acceder a las mismas a partir del Sitio Web. Por esta raz\u00f3n, las cookies de redes sociales pueden almacenarse en el navegador del Usuario. Los titulares de dichas redes sociales disponen de sus propias pol\u00edticas de protecci\u00f3n de datos y de cookies, siendo ellos mismos, en cada caso, responsables de sus propios ficheros y de sus propias pr\u00e1cticas de privacidad. El Usuario debe referirse a las mismas para informarse acerca de dichas cookies y, en su caso, del tratamiento de sus datos personales. \u00danicamente a t\u00edtulo informativo se indican a continuaci\u00f3n los enlaces en los que se pueden consultar dichas pol\u00edticas de privacidad y\/o de cookies:<\/p>\n<p>Facebook: https:\/\/www.facebook.com\/policies\/cookies\/<\/p>\n<p>Twitter: https:\/\/twitter.com\/es\/privacy<\/p>\n<p>Youtube: https:\/\/policies.google.com\/privacy?hl=es-419&amp;gl=mx<\/p>\n<p>LinkedIn: https:\/\/www.linkedin.com\/legal\/cookie-policy?trk=hp-cookies<\/p>\n<p><strong>Deshabilitar, rechazar y eliminar cookies<\/strong><\/p>\n<p>El Usuario puede deshabilitar, rechazar y eliminar las cookies \u2014total o parcialmente\u2014 instaladas en su dispositivo mediante la configuraci\u00f3n de su navegador (entre los que se encuentran, por ejemplo, Chrome, Firefox, Safari, Explorer). En este sentido, los procedimientos para rechazar y eliminar las cookies pueden diferir de un navegador de Internet a otro. En consecuencia, el Usuario debe acudir a las instrucciones facilitadas por el propio navegador de Internet que est\u00e9 utilizando. En el supuesto de que rechace el uso de cookies \u2014total o parcialmente\u2014 podr\u00e1 seguir usando el Sitio Web, si bien podr\u00e1 tener limitada la utilizaci\u00f3n de algunas de las prestaciones del mismo.<\/p>\n<p style=\"text-align: center;\"><strong><br \/>\nIII. ACEPTACI\u00d3N Y CAMBIOS EN ESTA POL\u00cdTICA DE PRIVACIDAD<\/strong><\/p>\n<p>Es necesario que el Usuario haya le\u00eddo y est\u00e9 conforme con las condiciones sobre la protecci\u00f3n de datos de car\u00e1cter personal contenidas en esta Pol\u00edtica de Privacidad y de Cookies, as\u00ed como que acepte el tratamiento de sus datos personales para que el Responsable del tratamiento pueda proceder al mismo en la forma, durante los plazos y para las finalidades indicadas. El uso del Sitio Web implicar\u00e1 la aceptaci\u00f3n de la Pol\u00edtica de Privacidad y de Cookies del mismo.<\/p>\n<p>www.seaberyat.com se reserva el derecho a modificar su Pol\u00edtica de Privacidad y de Cookies, de acuerdo a su propio criterio, o motivado por un cambio legislativo, jurisprudencial o doctrinal de la Agencia Espa\u00f1ola de Protecci\u00f3n de Datos. Los cambios o actualizaciones de esta Pol\u00edtica de Privacidad y de Cookies ser\u00e1n notificados de forma expl\u00edcita al Usuario.<\/p>\n<p>Esta Pol\u00edtica de Privacidad y de Cookies fue actualizada el d\u00eda 22 de mayo 2018 para adaptarse al Reglamento (UE) 2016\/679 del Parlamento Europeo y del Consejo, de 27 de abril de 2016, relativo a la protecci\u00f3n de las personas f\u00edsicas en lo que respecta al tratamiento de datos personales y a la libre circulaci\u00f3n de estos datos (RGPD).<\/p>\n<p>[\/vc_column_text][\/vc_column][\/vc_row]<\/p>\n","protected":false},"excerpt":{"rendered":"[vc_row offset_top=\u00bb180&#8243; animation=\u00bb\u00bb css=\u00bb.vc_custom_1511195545582{margin-top: 50px !important;}\u00bb][vc_column width=\u00bb1\/6&#8243; animation=\u00bb\u00bb][\/vc_column][vc_column width=\u00bb2\/3&#8243; animation=\u00bb\u00bb][vc_column_text animation=\u00bb\u00bb] El acceso a este Sitio Web puede implicar la utilizaci\u00f3n de cookies. Las cookies son peque\u00f1as cantidades de informaci\u00f3n que se almacenan en el navegador utilizado por cada Usuario \u2014en los distintos dispositivos que pueda utilizar para navegar\u2014 para que el servidor recuerde cierta&#8230;\n","protected":false},"author":6,"featured_media":0,"parent":0,"menu_order":0,"comment_status":"closed","ping_status":"closed","template":"","meta":{"footnotes":""},"class_list":["post-1521","page","type-page","status-publish","hentry"],"yoast_head":"<!-- This site is optimized with the Yoast SEO plugin v27.4 - https:\/\/yoast.com\/product\/yoast-seo-wordpress\/ -->\n<title>Politica de Cookies - Augmented Training<\/title>\n<meta name=\"robots\" content=\"index, follow, max-snippet:-1, max-image-preview:large, max-video-preview:-1\" \/>\n<link rel=\"canonical\" href=\"https:\/\/augmentedtraining.org\/es\/politica-de-cookies\/\" \/>\n<meta property=\"og:locale\" content=\"es_ES\" \/>\n<meta property=\"og:type\" content=\"article\" \/>\n<meta property=\"og:title\" content=\"Politica de Cookies - Augmented Training\" \/>\n<meta property=\"og:description\" content=\"[vc_row offset_top=\u00bb180&#8243; animation=\u00bb\u00bb css=\u00bb.vc_custom_1511195545582{margin-top: 50px !important;}\u00bb][vc_column width=\u00bb1\/6&#8243; animation=\u00bb\u00bb][\/vc_column][vc_column width=\u00bb2\/3&#8243; animation=\u00bb\u00bb][vc_column_text animation=\u00bb\u00bb] El acceso a este Sitio Web puede implicar la utilizaci\u00f3n de cookies. Las cookies son peque\u00f1as cantidades de informaci\u00f3n que se almacenan en el navegador utilizado por cada Usuario \u2014en los distintos dispositivos que pueda utilizar para navegar\u2014 para que el servidor recuerde cierta...\" \/>\n<meta property=\"og:url\" content=\"https:\/\/augmentedtraining.org\/es\/politica-de-cookies\/\" \/>\n<meta property=\"og:site_name\" content=\"Augmented Training\" \/>\n<meta name=\"twitter:card\" content=\"summary_large_image\" \/>\n<meta name=\"twitter:label1\" content=\"Tiempo de lectura\" \/>\n\t<meta name=\"twitter:data1\" content=\"5 minutos\" \/>\n<script type=\"application\/ld+json\" class=\"yoast-schema-graph\">{\"@context\":\"https:\\\/\\\/schema.org\",\"@graph\":[{\"@type\":\"WebPage\",\"@id\":\"https:\\\/\\\/augmentedtraining.org\\\/es\\\/politica-de-cookies\\\/\",\"url\":\"https:\\\/\\\/augmentedtraining.org\\\/es\\\/politica-de-cookies\\\/\",\"name\":\"Politica de Cookies - Augmented Training\",\"isPartOf\":{\"@id\":\"https:\\\/\\\/augmentedtraining.org\\\/#website\"},\"datePublished\":\"2018-06-11T12:31:46+00:00\",\"breadcrumb\":{\"@id\":\"https:\\\/\\\/augmentedtraining.org\\\/es\\\/politica-de-cookies\\\/#breadcrumb\"},\"inLanguage\":\"es\",\"potentialAction\":[{\"@type\":\"ReadAction\",\"target\":[\"https:\\\/\\\/augmentedtraining.org\\\/es\\\/politica-de-cookies\\\/\"]}]},{\"@type\":\"BreadcrumbList\",\"@id\":\"https:\\\/\\\/augmentedtraining.org\\\/es\\\/politica-de-cookies\\\/#breadcrumb\",\"itemListElement\":[{\"@type\":\"ListItem\",\"position\":1,\"name\":\"Portada\",\"item\":\"https:\\\/\\\/augmentedtraining.org\\\/\"},{\"@type\":\"ListItem\",\"position\":2,\"name\":\"Politica de Cookies\"}]},{\"@type\":\"WebSite\",\"@id\":\"https:\\\/\\\/augmentedtraining.org\\\/#website\",\"url\":\"https:\\\/\\\/augmentedtraining.org\\\/\",\"name\":\"Augmented Training\",\"description\":\"Transformando la educaci\u00f3n y la formaci\u00f3n con Realidad Aumentada\",\"publisher\":{\"@id\":\"https:\\\/\\\/augmentedtraining.org\\\/#organization\"},\"potentialAction\":[{\"@type\":\"SearchAction\",\"target\":{\"@type\":\"EntryPoint\",\"urlTemplate\":\"https:\\\/\\\/augmentedtraining.org\\\/?s={search_term_string}\"},\"query-input\":{\"@type\":\"PropertyValueSpecification\",\"valueRequired\":true,\"valueName\":\"search_term_string\"}}],\"inLanguage\":\"es\"},{\"@type\":\"Organization\",\"@id\":\"https:\\\/\\\/augmentedtraining.org\\\/#organization\",\"name\":\"Augmented Training\",\"url\":\"https:\\\/\\\/augmentedtraining.org\\\/\",\"logo\":{\"@type\":\"ImageObject\",\"inLanguage\":\"es\",\"@id\":\"https:\\\/\\\/augmentedtraining.org\\\/#\\\/schema\\\/logo\\\/image\\\/\",\"url\":\"https:\\\/\\\/augmentedtraining.org\\\/wp-content\\\/uploads\\\/2024\\\/02\\\/cropped-MicrosoftTeams-image-21.jpg\",\"contentUrl\":\"https:\\\/\\\/augmentedtraining.org\\\/wp-content\\\/uploads\\\/2024\\\/02\\\/cropped-MicrosoftTeams-image-21.jpg\",\"width\":433,\"height\":144,\"caption\":\"Augmented Training\"},\"image\":{\"@id\":\"https:\\\/\\\/augmentedtraining.org\\\/#\\\/schema\\\/logo\\\/image\\\/\"}}]}<\/script>\n<!-- \/ Yoast SEO plugin. -->","yoast_head_json":{"title":"Politica de Cookies - Augmented Training","robots":{"index":"index","follow":"follow","max-snippet":"max-snippet:-1","max-image-preview":"max-image-preview:large","max-video-preview":"max-video-preview:-1"},"canonical":"https:\/\/augmentedtraining.org\/es\/politica-de-cookies\/","og_locale":"es_ES","og_type":"article","og_title":"Politica de Cookies - Augmented Training","og_description":"[vc_row offset_top=\u00bb180&#8243; animation=\u00bb\u00bb css=\u00bb.vc_custom_1511195545582{margin-top: 50px !important;}\u00bb][vc_column width=\u00bb1\/6&#8243; animation=\u00bb\u00bb][\/vc_column][vc_column width=\u00bb2\/3&#8243; animation=\u00bb\u00bb][vc_column_text animation=\u00bb\u00bb] El acceso a este Sitio Web puede implicar la utilizaci\u00f3n de cookies. Las cookies son peque\u00f1as cantidades de informaci\u00f3n que se almacenan en el navegador utilizado por cada Usuario \u2014en los distintos dispositivos que pueda utilizar para navegar\u2014 para que el servidor recuerde cierta...","og_url":"https:\/\/augmentedtraining.org\/es\/politica-de-cookies\/","og_site_name":"Augmented Training","twitter_card":"summary_large_image","twitter_misc":{"Tiempo de lectura":"5 minutos"},"schema":{"@context":"https:\/\/schema.org","@graph":[{"@type":"WebPage","@id":"https:\/\/augmentedtraining.org\/es\/politica-de-cookies\/","url":"https:\/\/augmentedtraining.org\/es\/politica-de-cookies\/","name":"Politica de Cookies - Augmented Training","isPartOf":{"@id":"https:\/\/augmentedtraining.org\/#website"},"datePublished":"2018-06-11T12:31:46+00:00","breadcrumb":{"@id":"https:\/\/augmentedtraining.org\/es\/politica-de-cookies\/#breadcrumb"},"inLanguage":"es","potentialAction":[{"@type":"ReadAction","target":["https:\/\/augmentedtraining.org\/es\/politica-de-cookies\/"]}]},{"@type":"BreadcrumbList","@id":"https:\/\/augmentedtraining.org\/es\/politica-de-cookies\/#breadcrumb","itemListElement":[{"@type":"ListItem","position":1,"name":"Portada","item":"https:\/\/augmentedtraining.org\/"},{"@type":"ListItem","position":2,"name":"Politica de Cookies"}]},{"@type":"WebSite","@id":"https:\/\/augmentedtraining.org\/#website","url":"https:\/\/augmentedtraining.org\/","name":"Augmented Training","description":"Transformando la educaci\u00f3n y la formaci\u00f3n con Realidad Aumentada","publisher":{"@id":"https:\/\/augmentedtraining.org\/#organization"},"potentialAction":[{"@type":"SearchAction","target":{"@type":"EntryPoint","urlTemplate":"https:\/\/augmentedtraining.org\/?s={search_term_string}"},"query-input":{"@type":"PropertyValueSpecification","valueRequired":true,"valueName":"search_term_string"}}],"inLanguage":"es"},{"@type":"Organization","@id":"https:\/\/augmentedtraining.org\/#organization","name":"Augmented Training","url":"https:\/\/augmentedtraining.org\/","logo":{"@type":"ImageObject","inLanguage":"es","@id":"https:\/\/augmentedtraining.org\/#\/schema\/logo\/image\/","url":"https:\/\/augmentedtraining.org\/wp-content\/uploads\/2024\/02\/cropped-MicrosoftTeams-image-21.jpg","contentUrl":"https:\/\/augmentedtraining.org\/wp-content\/uploads\/2024\/02\/cropped-MicrosoftTeams-image-21.jpg","width":433,"height":144,"caption":"Augmented Training"},"image":{"@id":"https:\/\/augmentedtraining.org\/#\/schema\/logo\/image\/"}}]}},"_links":{"self":[{"href":"https:\/\/augmentedtraining.org\/es\/wp-json\/wp\/v2\/pages\/1521","targetHints":{"allow":["GET"]}}],"collection":[{"href":"https:\/\/augmentedtraining.org\/es\/wp-json\/wp\/v2\/pages"}],"about":[{"href":"https:\/\/augmentedtraining.org\/es\/wp-json\/wp\/v2\/types\/page"}],"author":[{"embeddable":true,"href":"https:\/\/augmentedtraining.org\/es\/wp-json\/wp\/v2\/users\/6"}],"replies":[{"embeddable":true,"href":"https:\/\/augmentedtraining.org\/es\/wp-json\/wp\/v2\/comments?post=1521"}],"version-history":[{"count":1,"href":"https:\/\/augmentedtraining.org\/es\/wp-json\/wp\/v2\/pages\/1521\/revisions"}],"predecessor-version":[{"id":1522,"href":"https:\/\/augmentedtraining.org\/es\/wp-json\/wp\/v2\/pages\/1521\/revisions\/1522"}],"wp:attachment":[{"href":"https:\/\/augmentedtraining.org\/es\/wp-json\/wp\/v2\/media?parent=1521"}],"curies":[{"name":"wp","href":"https:\/\/api.w.org\/{rel}","templated":true}]}}