{"id":19,"date":"2017-05-11T08:55:49","date_gmt":"2017-05-11T08:55:49","guid":{"rendered":"http:\/\/silicon.8guild.com\/?page_id=19"},"modified":"2018-05-25T07:42:14","modified_gmt":"2018-05-25T07:42:14","slug":"home","status":"publish","type":"page","link":"https:\/\/augmentedtraining.org\/es\/","title":{"rendered":"Home"},"content":{"rendered":"<p>[vc_row animation=\u00bb\u00bb][vc_column animation=\u00bb\u00bb offset=\u00bbvc_hidden-sm vc_hidden-xs\u00bb][rev_slider_vc alias=\u00bbhome-at\u00bb][\/vc_column][\/vc_row][vc_row animation=\u00bb\u00bb][vc_column animation=\u00bb\u00bb offset=\u00bbvc_hidden-lg vc_hidden-md\u00bb][rev_slider_vc alias=\u00bbhome-mobile\u00bb][\/vc_column][\/vc_row][vc_row offset_top=\u00bb180&#8243; animation=\u00bb\u00bb class=\u00bbpadding-top-3x\u00bb][vc_column animation=\u00bb\u00bb][vc_row_inner animation=\u00bb\u00bb][vc_column_inner width=\u00bb1\/6&#8243; animation=\u00bb\u00bb][\/vc_column_inner][vc_column_inner width=\u00bb4\/6&#8243; animation=\u00bb\u00bb][vc_column_text animation=\u00bb\u00bb]<\/p>\n<p class=\"lead\" style=\"text-align: center;\">Augmented Training propone un nuevo paradigma formativo, que incorpora el uso de simulaci\u00f3n por Realidad Aumentada interactiva para la adquisici\u00f3n, perfeccionamiento y aplicaci\u00f3n de conocimientos y destrezas manuales en la actividad profesional.<\/p>\n<p>[\/vc_column_text][\/vc_column_inner][vc_column_inner width=\u00bb1\/6&#8243; animation=\u00bb\u00bb][\/vc_column_inner][\/vc_row_inner][vc_row_inner animation=\u00bb\u00bb css=\u00bb.vc_custom_1495457535517{padding-top: 30px !important;}\u00bb][vc_column_inner width=\u00bb1\/3&#8243; animation=\u00bb\u00bb css=\u00bb.vc_custom_1495457624850{padding-bottom: 30px !important;}\u00bb][vc_single_image animation=\u00bb\u00bb image=\u00bb1204&#8243; class=\u00bbblock-center\u00bb link=\u00bbhttps:\/\/augmentedtraining.org\/servicios\/\u00bb onclick=\u00bbcustom_link\u00bb][vc_column_text animation=\u00bb\u00bb css=\u00bb.vc_custom_1510563023321{padding-top: 25px !important;}\u00bb]<\/p>\n<h4 style=\"text-align: center;\">EDTECH<\/h4>\n<p style=\"text-align: center;\"><span class=\"text-gray\">Formaci\u00f3n innovadora y avanzada para la adquisici\u00f3n de habilidades profesionales y certificaciones internacionales.<\/span><\/p>\n<p>[\/vc_column_text][\/vc_column_inner][vc_column_inner width=\u00bb1\/3&#8243; animation=\u00bb\u00bb css=\u00bb.vc_custom_1495459248064{padding-bottom: 30px !important;}\u00bb][vc_single_image animation=\u00bb\u00bb image=\u00bb1205&#8243; class=\u00bbblock-center\u00bb link=\u00bbhttps:\/\/augmentedtraining.org\/industrial\/\u00bb onclick=\u00bbcustom_link\u00bb][vc_column_text animation=\u00bb\u00bb css=\u00bb.vc_custom_1523637328401{padding-top: 25px !important;}\u00bb]<\/p>\n<h4 style=\"text-align: center;\">INDUSTRIA 4.0<\/h4>\n<p style=\"text-align: center;\"><span class=\"text-gray\">Desarrollos a medida para el sector industrial. Aplicaciones de Realidad Aumentada para facilitar procesos industriales.<\/span><\/p>\n<p>[\/vc_column_text][\/vc_column_inner][vc_column_inner width=\u00bb1\/3&#8243; animation=\u00bb\u00bb css=\u00bb.vc_custom_1495459254172{padding-bottom: 30px !important;}\u00bb][vc_single_image animation=\u00bb\u00bb image=\u00bb1206&#8243; class=\u00bbblock-center\u00bb][vc_column_text animation=\u00bb\u00bb css=\u00bb.vc_custom_1523374466740{padding-top: 25px !important;}\u00bb]<\/p>\n<h4 style=\"text-align: center;\">AT COMMUNITY<\/h4>\n<p style=\"text-align: center;\"><span class=\"text-gray\">Comunidad de profesionales e instituciones comprometidos con la innovaci\u00f3n educativa y el desarrollo de RA para la formaci\u00f3n.<\/span><\/p>\n<p>[\/vc_column_text][\/vc_column_inner][\/vc_row_inner][\/vc_column][\/vc_row][vc_row offset_top=\u00bb\u00bb layout=\u00bbfull\u00bb is_overlay=\u00bbenable\u00bb overlay_type=\u00bbgradient\u00bb overlay_opacity=\u00bb100&#8243; animation=\u00bb\u00bb css=\u00bb.vc_custom_1513181322227{margin-top: 50px !important;margin-bottom: 50px !important;}\u00bb][vc_column width=\u00bb1\/6&#8243; animation=\u00bb\u00bb][\/vc_column][vc_column width=\u00bb2\/3&#8243; animation=\u00bb\u00bb][vc_empty_space height=\u00bb30px\u00bb][vc_column_text animation=\u00bb\u00bb class=\u00bbpadding-bottom-1x\u00bb]<\/p>\n<p class=\"lead\" style=\"text-align: center;\"><span style=\"color: #ffffff;\">La metodolog\u00eda en cuatro etapas Augmented Training ofrece al estudiante un proceso de aprendizaje integral, combinando innovadores recursos edtech, como la simulaci\u00f3n por Realidad Aumentada, con la teor\u00eda y la pr\u00e1ctica con equipos reales. <\/span><\/p>\n<p class=\"lead\" style=\"text-align: center;\"><span style=\"color: #ffffff;\">Y dota al profesor de\u00a0 herramientas para hacer un seguimiento individualizado de los alumnos de una forma m\u00e1s sencilla.<br \/>\n<\/span><\/p>\n<p>[\/vc_column_text][\/vc_column][vc_column width=\u00bb1\/6&#8243; animation=\u00bb\u00bb][\/vc_column][\/vc_row][vc_row offset_top=\u00bb100&#8243; animation=\u00bb\u00bb class=\u00bbpadding-top-1x padding-bottom-3x\u00bb][vc_column animation=\u00bb\u00bb][vc_column_text animation=\u00bb\u00bb]<\/p>\n<h4 style=\"text-align: center;\"><span class=\"text-gray\">Aprendizaje en 4 etapas<\/span><\/h4>\n<p>[\/vc_column_text][vc_row_inner animation=\u00bb\u00bb][vc_column_inner width=\u00bb1\/4&#8243; animation=\u00bb\u00bb][vc_single_image size_media=\u00bbthumbnail\u00bb animation=\u00bbfade-down\u00bb image=\u00bb1131&#8243; class=\u00bbblock-center\u00bb][vc_column_text animation=\u00bb\u00bb]<\/p>\n<h5 style=\"text-align: center;\">E-LEARNING<\/h5>\n<p>[\/vc_column_text][\/vc_column_inner][vc_column_inner width=\u00bb1\/4&#8243; animation=\u00bb\u00bb][vc_single_image size_media=\u00bbthumbnail\u00bb animation=\u00bbfade-down\u00bb image=\u00bb1132&#8243; class=\u00bbblock-center \u00ab][vc_column_text animation=\u00bb\u00bb]<\/p>\n<h5 style=\"text-align: center;\">SIMULACI\u00d3N CON REALIDAD AUMENTADA<\/h5>\n<p>[\/vc_column_text][\/vc_column_inner][vc_column_inner width=\u00bb1\/4&#8243; animation=\u00bb\u00bb][vc_single_image size_media=\u00bbthumbnail\u00bb animation=\u00bbfade-down\u00bb image=\u00bb1133&#8243; class=\u00bbblock-center \u00ab][vc_column_text animation=\u00bb\u00bb]<\/p>\n<h5 style=\"text-align: center;\">PR\u00c1CTICA REALES<\/h5>\n<p>[\/vc_column_text][\/vc_column_inner][vc_column_inner width=\u00bb1\/4&#8243; animation=\u00bb\u00bb][vc_single_image size_media=\u00bbthumbnail\u00bb animation=\u00bbfade-down\u00bb image=\u00bb1134&#8243; class=\u00bbblock-center\u00bb][vc_column_text animation=\u00bb\u00bb]<\/p>\n<h5 style=\"text-align: center;\">PR\u00c1CTICAS EN EMPRESA<\/h5>\n<p>[\/vc_column_text][\/vc_column_inner][\/vc_row_inner][vc_empty_space height=\u00bb50px\u00bb][vc_row_inner animation=\u00bb\u00bb css=\u00bb.vc_custom_1510562842847{margin-top: 20px !important;}\u00bb][vc_column_inner width=\u00bb1\/6&#8243; animation=\u00bb\u00bb][\/vc_column_inner][vc_column_inner width=\u00bb2\/3&#8243; animation=\u00bb\u00bb][vc_column_text animation=\u00bb\u00bb]<iframe loading=\"lazy\" src=\"https:\/\/www.youtube.com\/embed\/DG-BHV-G7hE?rel=0&amp;showinfo=0\" width=\"560\" height=\"400\" frameborder=\"0\" allowfullscreen=\"allowfullscreen\"><\/iframe>[\/vc_column_text][\/vc_column_inner][vc_column_inner width=\u00bb1\/6&#8243; animation=\u00bb\u00bb][\/vc_column_inner][\/vc_row_inner][\/vc_column][\/vc_row][vc_row offset_top=\u00bb100&#8243; is_overlay=\u00bbenable\u00bb overlay_opacity=\u00bb5&#8243; animation=\u00bb\u00bb class=\u00bbpadding-top-2x padding-bottom-2x\u00bb][vc_column animation=\u00bb\u00bb][vc_row_inner animation=\u00bb\u00bb][vc_column_inner width=\u00bb1\/6&#8243; animation=\u00bb\u00bb][\/vc_column_inner][vc_column_inner width=\u00bb2\/3&#8243; animation=\u00bb\u00bb][vc_column_text animation=\u00bb\u00bb]<\/p>\n<h4 style=\"text-align: center;\"><span class=\"text-gray\">Nuestras referencias<\/span><\/h4>\n<p class=\"text-lg\" style=\"text-align: center;\">M\u00e1s de 400 empresas, gobiernos e instituciones de 45 pa\u00edses de todo el mundo aplican la metodolog\u00eda Augmented Training en sus centros para la formaci\u00f3n de estudiantes y trabajadores.<\/p>\n<p>[\/vc_column_text][\/vc_column_inner][vc_column_inner width=\u00bb1\/6&#8243; animation=\u00bb\u00bb][\/vc_column_inner][\/vc_row_inner][\/vc_column][\/vc_row][vc_row offset_top=\u00bb100&#8243; animation=\u00bb\u00bb class=\u00bbpadding-top-2x padding-bottom-2x\u00bb][vc_column animation=\u00bb\u00bb]<div class=\"owl-carousel\" data-si-carousel='{\"nav\":false,\"dots\":false,\"loop\":true,\"autoplay\":true,\"autoplayTimeout\":3000,\"margin\":30,\"responsive\":{\"0\":{\"items\":2},\"768\":{\"items\":3},\"991\":{\"items\":4},\"1200\":{\"items\":6}}}'><div class=\"logo-item\"><img loading=\"lazy\" decoding=\"async\" width=\"400\" height=\"179\" src=\"https:\/\/augmentedtraining.org\/wp-content\/uploads\/2017\/05\/awards4.jpg\" class=\"attachment-full size-full\" alt=\"\" srcset=\"https:\/\/augmentedtraining.org\/wp-content\/uploads\/2017\/05\/awards4.jpg 400w, https:\/\/augmentedtraining.org\/wp-content\/uploads\/2017\/05\/awards4-300x134.jpg 300w\" sizes=\"auto, (max-width: 400px) 100vw, 400px\" \/><\/div><div class=\"logo-item\"><img loading=\"lazy\" decoding=\"async\" width=\"223\" height=\"125\" src=\"https:\/\/augmentedtraining.org\/wp-content\/uploads\/2017\/05\/awards5.jpg\" class=\"attachment-full size-full\" alt=\"\" \/><\/div><div class=\"logo-item\"><img loading=\"lazy\" decoding=\"async\" width=\"239\" height=\"125\" src=\"https:\/\/augmentedtraining.org\/wp-content\/uploads\/2017\/05\/awards6.jpg\" class=\"attachment-full size-full\" alt=\"\" \/><\/div><div class=\"logo-item\"><img loading=\"lazy\" decoding=\"async\" width=\"218\" height=\"125\" src=\"https:\/\/augmentedtraining.org\/wp-content\/uploads\/2017\/05\/awards7.jpg\" class=\"attachment-full size-full\" alt=\"\" \/><\/div><div class=\"logo-item\"><img loading=\"lazy\" decoding=\"async\" width=\"182\" height=\"125\" src=\"https:\/\/augmentedtraining.org\/wp-content\/uploads\/2017\/05\/awards9.png\" class=\"attachment-full size-full\" alt=\"\" srcset=\"https:\/\/augmentedtraining.org\/wp-content\/uploads\/2017\/05\/awards9.png 182w, https:\/\/augmentedtraining.org\/wp-content\/uploads\/2017\/05\/awards9-180x125.png 180w\" sizes=\"auto, (max-width: 182px) 100vw, 182px\" \/><\/div><div class=\"logo-item\"><img loading=\"lazy\" decoding=\"async\" width=\"255\" height=\"125\" src=\"https:\/\/augmentedtraining.org\/wp-content\/uploads\/2017\/05\/awards8.jpg\" class=\"attachment-full size-full\" alt=\"\" \/><\/div><\/div>[\/vc_column][\/vc_row]<\/p>\n","protected":false},"excerpt":{"rendered":"[vc_row animation=\u00bb\u00bb][vc_column animation=\u00bb\u00bb offset=\u00bbvc_hidden-sm vc_hidden-xs\u00bb][rev_slider_vc alias=\u00bbhome-at\u00bb][\/vc_column][\/vc_row][vc_row animation=\u00bb\u00bb][vc_column animation=\u00bb\u00bb offset=\u00bbvc_hidden-lg vc_hidden-md\u00bb][rev_slider_vc alias=\u00bbhome-mobile\u00bb][\/vc_column][\/vc_row][vc_row offset_top=\u00bb180&#8243; animation=\u00bb\u00bb class=\u00bbpadding-top-3x\u00bb][vc_column animation=\u00bb\u00bb][vc_row_inner animation=\u00bb\u00bb][vc_column_inner width=\u00bb1\/6&#8243; animation=\u00bb\u00bb][\/vc_column_inner][vc_column_inner width=\u00bb4\/6&#8243; animation=\u00bb\u00bb][vc_column_text animation=\u00bb\u00bb] Augmented Training propone un nuevo paradigma formativo, que incorpora el uso de simulaci\u00f3n por Realidad Aumentada interactiva para la adquisici\u00f3n, perfeccionamiento y aplicaci\u00f3n de conocimientos y destrezas manuales en la actividad profesional. [\/vc_column_text][\/vc_column_inner][vc_column_inner width=\u00bb1\/6&#8243;&#8230;\n","protected":false},"author":1,"featured_media":0,"parent":0,"menu_order":0,"comment_status":"closed","ping_status":"closed","template":"","meta":{"footnotes":""},"class_list":["post-19","page","type-page","status-publish","hentry"],"yoast_head":"<!-- This site is optimized with the Yoast SEO plugin v27.5 - https:\/\/yoast.com\/product\/yoast-seo-wordpress\/ -->\n<title>Augmented Training - Transformando la educaci\u00f3n y la formaci\u00f3n con Realidad Aumentada<\/title>\n<meta name=\"description\" content=\"Augmented Training propone un nuevo paradigma formativo, que incorpora el uso de Realidad Aumentada interactiva para la adquisici\u00f3n, perfeccionamiento y aplicaci\u00f3n de conocimientos y destrezas manuales.\" \/>\n<meta name=\"robots\" content=\"index, follow, max-snippet:-1, max-image-preview:large, max-video-preview:-1\" \/>\n<link rel=\"canonical\" href=\"https:\/\/augmentedtraining.org\/\" \/>\n<meta property=\"og:locale\" content=\"es_ES\" \/>\n<meta property=\"og:type\" content=\"article\" \/>\n<meta property=\"og:title\" content=\"Augmented Training - Transformando la educaci\u00f3n y la formaci\u00f3n con Realidad Aumentada\" \/>\n<meta property=\"og:description\" content=\"Augmented Training propone un nuevo paradigma formativo, que incorpora el uso de Realidad Aumentada interactiva para la adquisici\u00f3n, perfeccionamiento y aplicaci\u00f3n de conocimientos y destrezas manuales.\" \/>\n<meta property=\"og:url\" content=\"https:\/\/augmentedtraining.org\/\" \/>\n<meta property=\"og:site_name\" content=\"Augmented Training\" \/>\n<meta property=\"article:modified_time\" content=\"2018-05-25T07:42:14+00:00\" \/>\n<meta name=\"twitter:card\" content=\"summary_large_image\" \/>\n<meta name=\"twitter:label1\" content=\"Tiempo de lectura\" \/>\n\t<meta name=\"twitter:data1\" content=\"4 minutos\" \/>\n<script type=\"application\/ld+json\" class=\"yoast-schema-graph\">{\"@context\":\"https:\\\/\\\/schema.org\",\"@graph\":[{\"@type\":\"WebPage\",\"@id\":\"https:\\\/\\\/augmentedtraining.org\\\/\",\"url\":\"https:\\\/\\\/augmentedtraining.org\\\/\",\"name\":\"Augmented Training - Transformando la educaci\u00f3n y la formaci\u00f3n con Realidad Aumentada\",\"isPartOf\":{\"@id\":\"https:\\\/\\\/augmentedtraining.org\\\/#website\"},\"datePublished\":\"2017-05-11T08:55:49+00:00\",\"dateModified\":\"2018-05-25T07:42:14+00:00\",\"description\":\"Augmented Training propone un nuevo paradigma formativo, que incorpora el uso de Realidad Aumentada interactiva para la adquisici\u00f3n, perfeccionamiento y aplicaci\u00f3n de conocimientos y destrezas manuales.\",\"breadcrumb\":{\"@id\":\"https:\\\/\\\/augmentedtraining.org\\\/#breadcrumb\"},\"inLanguage\":\"es\",\"potentialAction\":[{\"@type\":\"ReadAction\",\"target\":[\"https:\\\/\\\/augmentedtraining.org\\\/\"]}]},{\"@type\":\"BreadcrumbList\",\"@id\":\"https:\\\/\\\/augmentedtraining.org\\\/#breadcrumb\",\"itemListElement\":[{\"@type\":\"ListItem\",\"position\":1,\"name\":\"Portada\",\"item\":\"https:\\\/\\\/augmentedtraining.org\\\/\"},{\"@type\":\"ListItem\",\"position\":2,\"name\":\"Home\"}]},{\"@type\":\"WebSite\",\"@id\":\"https:\\\/\\\/augmentedtraining.org\\\/#website\",\"url\":\"https:\\\/\\\/augmentedtraining.org\\\/\",\"name\":\"Augmented Training\",\"description\":\"Transformando la educaci\u00f3n y la formaci\u00f3n con Realidad Aumentada\",\"publisher\":{\"@id\":\"https:\\\/\\\/augmentedtraining.org\\\/#organization\"},\"potentialAction\":[{\"@type\":\"SearchAction\",\"target\":{\"@type\":\"EntryPoint\",\"urlTemplate\":\"https:\\\/\\\/augmentedtraining.org\\\/?s={search_term_string}\"},\"query-input\":{\"@type\":\"PropertyValueSpecification\",\"valueRequired\":true,\"valueName\":\"search_term_string\"}}],\"inLanguage\":\"es\"},{\"@type\":\"Organization\",\"@id\":\"https:\\\/\\\/augmentedtraining.org\\\/#organization\",\"name\":\"Augmented Training\",\"url\":\"https:\\\/\\\/augmentedtraining.org\\\/\",\"logo\":{\"@type\":\"ImageObject\",\"inLanguage\":\"es\",\"@id\":\"https:\\\/\\\/augmentedtraining.org\\\/#\\\/schema\\\/logo\\\/image\\\/\",\"url\":\"https:\\\/\\\/augmentedtraining.org\\\/wp-content\\\/uploads\\\/2024\\\/02\\\/cropped-MicrosoftTeams-image-21.jpg\",\"contentUrl\":\"https:\\\/\\\/augmentedtraining.org\\\/wp-content\\\/uploads\\\/2024\\\/02\\\/cropped-MicrosoftTeams-image-21.jpg\",\"width\":433,\"height\":144,\"caption\":\"Augmented Training\"},\"image\":{\"@id\":\"https:\\\/\\\/augmentedtraining.org\\\/#\\\/schema\\\/logo\\\/image\\\/\"}}]}<\/script>\n<!-- \/ Yoast SEO plugin. -->","yoast_head_json":{"title":"Augmented Training - Transformando la educaci\u00f3n y la formaci\u00f3n con Realidad Aumentada","description":"Augmented Training propone un nuevo paradigma formativo, que incorpora el uso de Realidad Aumentada interactiva para la adquisici\u00f3n, perfeccionamiento y aplicaci\u00f3n de conocimientos y destrezas manuales.","robots":{"index":"index","follow":"follow","max-snippet":"max-snippet:-1","max-image-preview":"max-image-preview:large","max-video-preview":"max-video-preview:-1"},"canonical":"https:\/\/augmentedtraining.org\/","og_locale":"es_ES","og_type":"article","og_title":"Augmented Training - Transformando la educaci\u00f3n y la formaci\u00f3n con Realidad Aumentada","og_description":"Augmented Training propone un nuevo paradigma formativo, que incorpora el uso de Realidad Aumentada interactiva para la adquisici\u00f3n, perfeccionamiento y aplicaci\u00f3n de conocimientos y destrezas manuales.","og_url":"https:\/\/augmentedtraining.org\/","og_site_name":"Augmented Training","article_modified_time":"2018-05-25T07:42:14+00:00","twitter_card":"summary_large_image","twitter_misc":{"Tiempo de lectura":"4 minutos"},"schema":{"@context":"https:\/\/schema.org","@graph":[{"@type":"WebPage","@id":"https:\/\/augmentedtraining.org\/","url":"https:\/\/augmentedtraining.org\/","name":"Augmented Training - Transformando la educaci\u00f3n y la formaci\u00f3n con Realidad Aumentada","isPartOf":{"@id":"https:\/\/augmentedtraining.org\/#website"},"datePublished":"2017-05-11T08:55:49+00:00","dateModified":"2018-05-25T07:42:14+00:00","description":"Augmented Training propone un nuevo paradigma formativo, que incorpora el uso de Realidad Aumentada interactiva para la adquisici\u00f3n, perfeccionamiento y aplicaci\u00f3n de conocimientos y destrezas manuales.","breadcrumb":{"@id":"https:\/\/augmentedtraining.org\/#breadcrumb"},"inLanguage":"es","potentialAction":[{"@type":"ReadAction","target":["https:\/\/augmentedtraining.org\/"]}]},{"@type":"BreadcrumbList","@id":"https:\/\/augmentedtraining.org\/#breadcrumb","itemListElement":[{"@type":"ListItem","position":1,"name":"Portada","item":"https:\/\/augmentedtraining.org\/"},{"@type":"ListItem","position":2,"name":"Home"}]},{"@type":"WebSite","@id":"https:\/\/augmentedtraining.org\/#website","url":"https:\/\/augmentedtraining.org\/","name":"Augmented Training","description":"Transformando la educaci\u00f3n y la formaci\u00f3n con Realidad Aumentada","publisher":{"@id":"https:\/\/augmentedtraining.org\/#organization"},"potentialAction":[{"@type":"SearchAction","target":{"@type":"EntryPoint","urlTemplate":"https:\/\/augmentedtraining.org\/?s={search_term_string}"},"query-input":{"@type":"PropertyValueSpecification","valueRequired":true,"valueName":"search_term_string"}}],"inLanguage":"es"},{"@type":"Organization","@id":"https:\/\/augmentedtraining.org\/#organization","name":"Augmented Training","url":"https:\/\/augmentedtraining.org\/","logo":{"@type":"ImageObject","inLanguage":"es","@id":"https:\/\/augmentedtraining.org\/#\/schema\/logo\/image\/","url":"https:\/\/augmentedtraining.org\/wp-content\/uploads\/2024\/02\/cropped-MicrosoftTeams-image-21.jpg","contentUrl":"https:\/\/augmentedtraining.org\/wp-content\/uploads\/2024\/02\/cropped-MicrosoftTeams-image-21.jpg","width":433,"height":144,"caption":"Augmented Training"},"image":{"@id":"https:\/\/augmentedtraining.org\/#\/schema\/logo\/image\/"}}]}},"_links":{"self":[{"href":"https:\/\/augmentedtraining.org\/es\/wp-json\/wp\/v2\/pages\/19","targetHints":{"allow":["GET"]}}],"collection":[{"href":"https:\/\/augmentedtraining.org\/es\/wp-json\/wp\/v2\/pages"}],"about":[{"href":"https:\/\/augmentedtraining.org\/es\/wp-json\/wp\/v2\/types\/page"}],"author":[{"embeddable":true,"href":"https:\/\/augmentedtraining.org\/es\/wp-json\/wp\/v2\/users\/1"}],"replies":[{"embeddable":true,"href":"https:\/\/augmentedtraining.org\/es\/wp-json\/wp\/v2\/comments?post=19"}],"version-history":[{"count":41,"href":"https:\/\/augmentedtraining.org\/es\/wp-json\/wp\/v2\/pages\/19\/revisions"}],"predecessor-version":[{"id":1501,"href":"https:\/\/augmentedtraining.org\/es\/wp-json\/wp\/v2\/pages\/19\/revisions\/1501"}],"wp:attachment":[{"href":"https:\/\/augmentedtraining.org\/es\/wp-json\/wp\/v2\/media?parent=19"}],"curies":[{"name":"wp","href":"https:\/\/api.w.org\/{rel}","templated":true}]}}