{"id":2,"date":"2017-11-07T12:04:33","date_gmt":"2017-11-07T12:04:33","guid":{"rendered":"https:\/\/augmentedtraining.org\/?page_id=2"},"modified":"2018-05-15T08:51:03","modified_gmt":"2018-05-15T08:51:03","slug":"que-es","status":"publish","type":"page","link":"https:\/\/augmentedtraining.org\/es\/que-es\/","title":{"rendered":"Qu\u00e9 es"},"content":{"rendered":"<p>[vc_row offset_top=\u00bb180&#8243; animation=\u00bb\u00bb css=\u00bb.vc_custom_1511195545582{margin-top: 50px !important;}\u00bb][vc_column width=\u00bb1\/6&#8243; animation=\u00bb\u00bb][\/vc_column][vc_column width=\u00bb2\/3&#8243; animation=\u00bb\u00bb][vc_column_text animation=\u00bb\u00bb]<\/p>\n<p class=\"text-xl\" style=\"text-align: center;\">Augmented Training es una <span class=\"text-primary\"><strong>metodolog\u00eda educativa personalizada<\/strong><\/span> que integra distintos recursos tecnol\u00f3gicos y fomenta la pr\u00e1ctica intensiva, y en la que el alumno marca su propio ritmo de aprendizaje.<\/p>\n<p>[\/vc_column_text][\/vc_column][vc_column width=\u00bb1\/6&#8243; animation=\u00bb\u00bb][\/vc_column][\/vc_row][vc_row offset_top=\u00bb180&#8243; animation=\u00bb\u00bb css=\u00bb.vc_custom_1510745872699{padding-top: 30px !important;}\u00bb][vc_column animation=\u00bb\u00bb offset=\u00bbvc_hidden-sm vc_hidden-xs\u00bb][vc_column_text animation=\u00bb\u00bb]<img loading=\"lazy\" decoding=\"async\" class=\"size-full wp-image-1156 aligncenter\" src=\"https:\/\/augmentedtraining.org\/wp-content\/uploads\/2017\/11\/que-es-augmented-training.png\" alt=\"\" width=\"1000\" height=\"500\" srcset=\"https:\/\/augmentedtraining.org\/wp-content\/uploads\/2017\/11\/que-es-augmented-training.png 1000w, https:\/\/augmentedtraining.org\/wp-content\/uploads\/2017\/11\/que-es-augmented-training-300x150.png 300w, https:\/\/augmentedtraining.org\/wp-content\/uploads\/2017\/11\/que-es-augmented-training-768x384.png 768w\" sizes=\"auto, (max-width: 1000px) 100vw, 1000px\" \/>[\/vc_column_text][\/vc_column][\/vc_row][vc_row offset_top=\u00bb180&#8243; animation=\u00bb\u00bb css=\u00bb.vc_custom_1510745872699{padding-top: 30px !important;}\u00bb][vc_column animation=\u00bb\u00bb offset=\u00bbvc_hidden-lg vc_hidden-md\u00bb][vc_column_text animation=\u00bb\u00bb]<img loading=\"lazy\" decoding=\"async\" class=\"aligncenter wp-image-1301 size-full\" src=\"https:\/\/augmentedtraining.org\/wp-content\/uploads\/2017\/11\/Esquema-AT_ok.png\" alt=\"\" width=\"561\" height=\"910\" srcset=\"https:\/\/augmentedtraining.org\/wp-content\/uploads\/2017\/11\/Esquema-AT_ok.png 561w, https:\/\/augmentedtraining.org\/wp-content\/uploads\/2017\/11\/Esquema-AT_ok-185x300.png 185w\" sizes=\"auto, (max-width: 561px) 100vw, 561px\" \/>[\/vc_column_text][\/vc_column][\/vc_row][vc_row offset_top=\u00bb180&#8243; animation=\u00bb\u00bb css=\u00bb.vc_custom_1510747633800{margin-top: 50px !important;}\u00bb][vc_column width=\u00bb1\/2&#8243; animation=\u00bb\u00bb][vc_column_text animation=\u00bb\u00bb]<\/p>\n<p class=\"text-xl\" style=\"text-align: justify;\">Es un <strong><span class=\"text-primary\">modelo din\u00e1mico y flexible<\/span><\/strong>, que permite al instructor gestionar de forma sencilla distintos cursos con numerosos estudiantes, independientemente de su nivel de conocimientos y\/o su ritmo de aprendizaje.<\/p>\n<p>[\/vc_column_text][\/vc_column][vc_column width=\u00bb1\/2&#8243; animation=\u00bb\u00bb][vc_column_text animation=\u00bb\u00bb]<\/p>\n<p class=\"text-xl\" style=\"text-align: justify;\">Cada estudiante puede incorporarse a la formaci\u00f3n en cualquier momento, y \u00fanicamente progresa una vez completada satisfactoriamente cada etapa, lo que garantiza un <strong><span class=\"text-primary\">alto nivel de cualificaci\u00f3n<\/span><\/strong>.<\/p>\n<p>[\/vc_column_text][\/vc_column][\/vc_row][vc_row offset_top=\u00bb180&#8243; animation=\u00bb\u00bb css=\u00bb.vc_custom_1510747678791{margin-top: 20px !important;margin-bottom: 50px !important;}\u00bb][vc_column animation=\u00bb\u00bb][vc_column_text animation=\u00bb\u00bb]<img loading=\"lazy\" decoding=\"async\" class=\"size-full wp-image-1139 aligncenter\" src=\"https:\/\/augmentedtraining.org\/wp-content\/uploads\/2017\/05\/comparativa_842x330-04.gif\" alt=\"\" width=\"842\" height=\"330\" \/>[\/vc_column_text][\/vc_column][\/vc_row]<\/p>\n","protected":false},"excerpt":{"rendered":"[vc_row offset_top=\u00bb180&#8243; animation=\u00bb\u00bb css=\u00bb.vc_custom_1511195545582{margin-top: 50px !important;}\u00bb][vc_column width=\u00bb1\/6&#8243; animation=\u00bb\u00bb][\/vc_column][vc_column width=\u00bb2\/3&#8243; animation=\u00bb\u00bb][vc_column_text animation=\u00bb\u00bb] Augmented Training es una metodolog\u00eda educativa personalizada que integra distintos recursos tecnol\u00f3gicos y fomenta la pr\u00e1ctica intensiva, y en la que el alumno marca su propio ritmo de aprendizaje. [\/vc_column_text][\/vc_column][vc_column width=\u00bb1\/6&#8243; animation=\u00bb\u00bb][\/vc_column][\/vc_row][vc_row offset_top=\u00bb180&#8243; animation=\u00bb\u00bb css=\u00bb.vc_custom_1510745872699{padding-top: 30px !important;}\u00bb][vc_column animation=\u00bb\u00bb offset=\u00bbvc_hidden-sm vc_hidden-xs\u00bb][vc_column_text animation=\u00bb\u00bb][\/vc_column_text][\/vc_column][\/vc_row][vc_row offset_top=\u00bb180&#8243; animation=\u00bb\u00bb css=\u00bb.vc_custom_1510745872699{padding-top:&#8230;\n","protected":false},"author":1,"featured_media":0,"parent":0,"menu_order":0,"comment_status":"closed","ping_status":"closed","template":"","meta":{"footnotes":""},"class_list":["post-2","page","type-page","status-publish","hentry"],"yoast_head":"<!-- This site is optimized with the Yoast SEO plugin v27.4 - https:\/\/yoast.com\/product\/yoast-seo-wordpress\/ -->\n<title>Qu\u00e9 es Augmented Training<\/title>\n<meta name=\"description\" content=\"Augmented Training es una metodolog\u00eda educativa personalizada que integra distintos recursos tecnol\u00f3gicos y fomenta la pr\u00e1ctica intensiva, y en el que el alumno marca su propio ritmo de aprendizaje.\" \/>\n<meta name=\"robots\" content=\"index, follow, max-snippet:-1, max-image-preview:large, max-video-preview:-1\" \/>\n<link rel=\"canonical\" href=\"https:\/\/augmentedtraining.org\/what-is\/\" \/>\n<meta property=\"og:locale\" content=\"es_ES\" \/>\n<meta property=\"og:type\" content=\"article\" \/>\n<meta property=\"og:title\" content=\"Qu\u00e9 es Augmented Training\" \/>\n<meta property=\"og:description\" content=\"Augmented Training es una metodolog\u00eda educativa personalizada que integra distintos recursos tecnol\u00f3gicos y fomenta la pr\u00e1ctica intensiva, y en el que el alumno marca su propio ritmo de aprendizaje.\" \/>\n<meta property=\"og:url\" content=\"https:\/\/augmentedtraining.org\/what-is\/\" \/>\n<meta property=\"og:site_name\" content=\"Augmented Training\" \/>\n<meta property=\"article:modified_time\" content=\"2018-05-15T08:51:03+00:00\" \/>\n<meta property=\"og:image\" content=\"https:\/\/augmentedtraining.org\/wp-content\/uploads\/2017\/11\/que-es-augmented-training.png\" \/>\n\t<meta property=\"og:image:width\" content=\"1000\" \/>\n\t<meta property=\"og:image:height\" content=\"500\" \/>\n\t<meta property=\"og:image:type\" content=\"image\/png\" \/>\n<meta name=\"twitter:card\" content=\"summary_large_image\" \/>\n<meta name=\"twitter:label1\" content=\"Tiempo de lectura\" \/>\n\t<meta name=\"twitter:data1\" content=\"1 minuto\" \/>\n<script type=\"application\/ld+json\" class=\"yoast-schema-graph\">{\"@context\":\"https:\\\/\\\/schema.org\",\"@graph\":[{\"@type\":\"WebPage\",\"@id\":\"https:\\\/\\\/augmentedtraining.org\\\/what-is\\\/\",\"url\":\"https:\\\/\\\/augmentedtraining.org\\\/what-is\\\/\",\"name\":\"Qu\u00e9 es Augmented Training\",\"isPartOf\":{\"@id\":\"https:\\\/\\\/augmentedtraining.org\\\/#website\"},\"primaryImageOfPage\":{\"@id\":\"https:\\\/\\\/augmentedtraining.org\\\/what-is\\\/#primaryimage\"},\"image\":{\"@id\":\"https:\\\/\\\/augmentedtraining.org\\\/what-is\\\/#primaryimage\"},\"thumbnailUrl\":\"https:\\\/\\\/augmentedtraining.org\\\/wp-content\\\/uploads\\\/2017\\\/11\\\/que-es-augmented-training.png\",\"datePublished\":\"2017-11-07T12:04:33+00:00\",\"dateModified\":\"2018-05-15T08:51:03+00:00\",\"description\":\"Augmented Training es una metodolog\u00eda educativa personalizada que integra distintos recursos tecnol\u00f3gicos y fomenta la pr\u00e1ctica intensiva, y en el que el alumno marca su propio ritmo de aprendizaje.\",\"breadcrumb\":{\"@id\":\"https:\\\/\\\/augmentedtraining.org\\\/what-is\\\/#breadcrumb\"},\"inLanguage\":\"es\",\"potentialAction\":[{\"@type\":\"ReadAction\",\"target\":[\"https:\\\/\\\/augmentedtraining.org\\\/what-is\\\/\"]}]},{\"@type\":\"ImageObject\",\"inLanguage\":\"es\",\"@id\":\"https:\\\/\\\/augmentedtraining.org\\\/what-is\\\/#primaryimage\",\"url\":\"https:\\\/\\\/augmentedtraining.org\\\/wp-content\\\/uploads\\\/2017\\\/11\\\/que-es-augmented-training.png\",\"contentUrl\":\"https:\\\/\\\/augmentedtraining.org\\\/wp-content\\\/uploads\\\/2017\\\/11\\\/que-es-augmented-training.png\"},{\"@type\":\"BreadcrumbList\",\"@id\":\"https:\\\/\\\/augmentedtraining.org\\\/what-is\\\/#breadcrumb\",\"itemListElement\":[{\"@type\":\"ListItem\",\"position\":1,\"name\":\"Portada\",\"item\":\"https:\\\/\\\/augmentedtraining.org\\\/\"},{\"@type\":\"ListItem\",\"position\":2,\"name\":\"Qu\u00e9 es\"}]},{\"@type\":\"WebSite\",\"@id\":\"https:\\\/\\\/augmentedtraining.org\\\/#website\",\"url\":\"https:\\\/\\\/augmentedtraining.org\\\/\",\"name\":\"Augmented Training\",\"description\":\"Transformando la educaci\u00f3n y la formaci\u00f3n con Realidad Aumentada\",\"publisher\":{\"@id\":\"https:\\\/\\\/augmentedtraining.org\\\/#organization\"},\"potentialAction\":[{\"@type\":\"SearchAction\",\"target\":{\"@type\":\"EntryPoint\",\"urlTemplate\":\"https:\\\/\\\/augmentedtraining.org\\\/?s={search_term_string}\"},\"query-input\":{\"@type\":\"PropertyValueSpecification\",\"valueRequired\":true,\"valueName\":\"search_term_string\"}}],\"inLanguage\":\"es\"},{\"@type\":\"Organization\",\"@id\":\"https:\\\/\\\/augmentedtraining.org\\\/#organization\",\"name\":\"Augmented Training\",\"url\":\"https:\\\/\\\/augmentedtraining.org\\\/\",\"logo\":{\"@type\":\"ImageObject\",\"inLanguage\":\"es\",\"@id\":\"https:\\\/\\\/augmentedtraining.org\\\/#\\\/schema\\\/logo\\\/image\\\/\",\"url\":\"https:\\\/\\\/augmentedtraining.org\\\/wp-content\\\/uploads\\\/2024\\\/02\\\/cropped-MicrosoftTeams-image-21.jpg\",\"contentUrl\":\"https:\\\/\\\/augmentedtraining.org\\\/wp-content\\\/uploads\\\/2024\\\/02\\\/cropped-MicrosoftTeams-image-21.jpg\",\"width\":433,\"height\":144,\"caption\":\"Augmented Training\"},\"image\":{\"@id\":\"https:\\\/\\\/augmentedtraining.org\\\/#\\\/schema\\\/logo\\\/image\\\/\"}}]}<\/script>\n<!-- \/ Yoast SEO plugin. -->","yoast_head_json":{"title":"Qu\u00e9 es Augmented Training","description":"Augmented Training es una metodolog\u00eda educativa personalizada que integra distintos recursos tecnol\u00f3gicos y fomenta la pr\u00e1ctica intensiva, y en el que el alumno marca su propio ritmo de aprendizaje.","robots":{"index":"index","follow":"follow","max-snippet":"max-snippet:-1","max-image-preview":"max-image-preview:large","max-video-preview":"max-video-preview:-1"},"canonical":"https:\/\/augmentedtraining.org\/what-is\/","og_locale":"es_ES","og_type":"article","og_title":"Qu\u00e9 es Augmented Training","og_description":"Augmented Training es una metodolog\u00eda educativa personalizada que integra distintos recursos tecnol\u00f3gicos y fomenta la pr\u00e1ctica intensiva, y en el que el alumno marca su propio ritmo de aprendizaje.","og_url":"https:\/\/augmentedtraining.org\/what-is\/","og_site_name":"Augmented Training","article_modified_time":"2018-05-15T08:51:03+00:00","og_image":[{"width":1000,"height":500,"url":"https:\/\/augmentedtraining.org\/wp-content\/uploads\/2017\/11\/que-es-augmented-training.png","type":"image\/png"}],"twitter_card":"summary_large_image","twitter_misc":{"Tiempo de lectura":"1 minuto"},"schema":{"@context":"https:\/\/schema.org","@graph":[{"@type":"WebPage","@id":"https:\/\/augmentedtraining.org\/what-is\/","url":"https:\/\/augmentedtraining.org\/what-is\/","name":"Qu\u00e9 es Augmented Training","isPartOf":{"@id":"https:\/\/augmentedtraining.org\/#website"},"primaryImageOfPage":{"@id":"https:\/\/augmentedtraining.org\/what-is\/#primaryimage"},"image":{"@id":"https:\/\/augmentedtraining.org\/what-is\/#primaryimage"},"thumbnailUrl":"https:\/\/augmentedtraining.org\/wp-content\/uploads\/2017\/11\/que-es-augmented-training.png","datePublished":"2017-11-07T12:04:33+00:00","dateModified":"2018-05-15T08:51:03+00:00","description":"Augmented Training es una metodolog\u00eda educativa personalizada que integra distintos recursos tecnol\u00f3gicos y fomenta la pr\u00e1ctica intensiva, y en el que el alumno marca su propio ritmo de aprendizaje.","breadcrumb":{"@id":"https:\/\/augmentedtraining.org\/what-is\/#breadcrumb"},"inLanguage":"es","potentialAction":[{"@type":"ReadAction","target":["https:\/\/augmentedtraining.org\/what-is\/"]}]},{"@type":"ImageObject","inLanguage":"es","@id":"https:\/\/augmentedtraining.org\/what-is\/#primaryimage","url":"https:\/\/augmentedtraining.org\/wp-content\/uploads\/2017\/11\/que-es-augmented-training.png","contentUrl":"https:\/\/augmentedtraining.org\/wp-content\/uploads\/2017\/11\/que-es-augmented-training.png"},{"@type":"BreadcrumbList","@id":"https:\/\/augmentedtraining.org\/what-is\/#breadcrumb","itemListElement":[{"@type":"ListItem","position":1,"name":"Portada","item":"https:\/\/augmentedtraining.org\/"},{"@type":"ListItem","position":2,"name":"Qu\u00e9 es"}]},{"@type":"WebSite","@id":"https:\/\/augmentedtraining.org\/#website","url":"https:\/\/augmentedtraining.org\/","name":"Augmented Training","description":"Transformando la educaci\u00f3n y la formaci\u00f3n con Realidad Aumentada","publisher":{"@id":"https:\/\/augmentedtraining.org\/#organization"},"potentialAction":[{"@type":"SearchAction","target":{"@type":"EntryPoint","urlTemplate":"https:\/\/augmentedtraining.org\/?s={search_term_string}"},"query-input":{"@type":"PropertyValueSpecification","valueRequired":true,"valueName":"search_term_string"}}],"inLanguage":"es"},{"@type":"Organization","@id":"https:\/\/augmentedtraining.org\/#organization","name":"Augmented Training","url":"https:\/\/augmentedtraining.org\/","logo":{"@type":"ImageObject","inLanguage":"es","@id":"https:\/\/augmentedtraining.org\/#\/schema\/logo\/image\/","url":"https:\/\/augmentedtraining.org\/wp-content\/uploads\/2024\/02\/cropped-MicrosoftTeams-image-21.jpg","contentUrl":"https:\/\/augmentedtraining.org\/wp-content\/uploads\/2024\/02\/cropped-MicrosoftTeams-image-21.jpg","width":433,"height":144,"caption":"Augmented Training"},"image":{"@id":"https:\/\/augmentedtraining.org\/#\/schema\/logo\/image\/"}}]}},"_links":{"self":[{"href":"https:\/\/augmentedtraining.org\/es\/wp-json\/wp\/v2\/pages\/2","targetHints":{"allow":["GET"]}}],"collection":[{"href":"https:\/\/augmentedtraining.org\/es\/wp-json\/wp\/v2\/pages"}],"about":[{"href":"https:\/\/augmentedtraining.org\/es\/wp-json\/wp\/v2\/types\/page"}],"author":[{"embeddable":true,"href":"https:\/\/augmentedtraining.org\/es\/wp-json\/wp\/v2\/users\/1"}],"replies":[{"embeddable":true,"href":"https:\/\/augmentedtraining.org\/es\/wp-json\/wp\/v2\/comments?post=2"}],"version-history":[{"count":8,"href":"https:\/\/augmentedtraining.org\/es\/wp-json\/wp\/v2\/pages\/2\/revisions"}],"predecessor-version":[{"id":1498,"href":"https:\/\/augmentedtraining.org\/es\/wp-json\/wp\/v2\/pages\/2\/revisions\/1498"}],"wp:attachment":[{"href":"https:\/\/augmentedtraining.org\/es\/wp-json\/wp\/v2\/media?parent=2"}],"curies":[{"name":"wp","href":"https:\/\/api.w.org\/{rel}","templated":true}]}}